{"id":10042,"date":"2026-01-22T20:06:03","date_gmt":"2026-01-22T20:06:03","guid":{"rendered":"https:\/\/www.corralespianos.com\/ca\/oferta-cashback-de-yamaha-copia\/"},"modified":"2026-01-22T21:22:10","modified_gmt":"2026-01-22T21:22:10","slug":"promocio-yamaha-piano-serie-u","status":"publish","type":"page","link":"https:\/\/www.corralespianos.com\/ca\/promocio-yamaha-piano-serie-u\/","title":{"rendered":"Promoci\u00f3 Yamaha piano S\u00e8rie U"},"content":{"rendered":"<p>[vc_row css=&#8221;.vc_custom_1759015274704{padding-top: 30px !important;padding-bottom: 12px !important;background-color: #f7f5f5 !important;}&#8221;][vc_column css=&#8221;.vc_custom_1759060808882{padding-top: 0px !important;padding-bottom: 0px !important;}&#8221; offset=&#8221;vc_hidden-sm vc_hidden-xs&#8221;][vc_row_inner row_content_width=&#8221;grid&#8221; css=&#8221;.vc_custom_1769112595799{padding-top: 250px !important;padding-right: 15px !important;padding-bottom: 250px !important;padding-left: 15px !important;background-image: url(https:\/\/www.corralespianos.com\/ca\/wp-content\/uploads\/sites\/4\/2026\/01\/banner2_yamaha_ahorro_serie_u.jpg?id=10043) !important;background-position: center !important;background-repeat: no-repeat !important;background-size: cover !important;}&#8221;][vc_column_inner][\/vc_column_inner][\/vc_row_inner][\/vc_column][\/vc_row][vc_row css=&#8221;.vc_custom_1769116239733{padding-bottom: 50px !important;background-color: #f7f5f5 !important;}&#8221;][vc_column css=&#8221;.vc_custom_1759014423429{padding-top: 0px !important;padding-bottom: 0px !important;}&#8221;][vc_row_inner row_content_width=&#8221;grid&#8221;][vc_column_inner][vc_column_text]<\/p>\r\n<h4>Des de fa m\u00e9s de 70 anys, la s\u00e8rie U de Yamaha ha estat el piano vertical preferit de m\u00fasics professionals, educadors i escoles de m\u00fasica d\u2019arreu del m\u00f3n. El seu mecanisme equilibrat i sensible, el seu so ric i la seva qualitat de construcci\u00f3 excepcional l\u2019han convertit en el piano vertical m\u00e9s fiable del m\u00f3n.<\/h4>\r\n<blockquote>\r\n<h2><span style=\"color: #2d2d2d;\">Per temps limitat, <b>Yamaha aportar\u00e0 1.000\u20ac<\/b> per a la compra del teu nou piano de la s\u00e8rie U.<\/span><\/h2>\r\n<\/blockquote>\r\n<p>[\/vc_column_text][\/vc_column_inner][\/vc_row_inner][\/vc_column][\/vc_row][vc_row css=&#8221;.vc_custom_1759006388256{padding-top: 0px !important;padding-bottom: 32px !important;}&#8221;][vc_column][vc_row_inner row_content_width=&#8221;grid&#8221;][vc_column_inner][vc_column_text]<\/p>\r\n<h3><strong>COM OBTENIR EL TEU CODI DE DESCOMPTE<\/strong><\/h3>\r\n<h5>Segueix aquests senzills passos per obtenir el teu codi de descompte \u00fanic i el teu distribu\u00efdor de pianos aplicar\u00e0 l\u2019aportaci\u00f3 de YAMAHA en el moment de la compra.<\/h5>\r\n<p>[\/vc_column_text][\/vc_column_inner][\/vc_row_inner][\/vc_column][\/vc_row][vc_row row_content_width=&#8221;grid&#8221;][vc_column width=&#8221;1\/4&#8243;][vc_empty_space]<div class=\"eltdf-elements-holder eltdf-responsive-mode-768 eltdf-one-column-alignment-center\" ><div class=\"eltdf-elements-holder-item eltdf-width-1-1 eltdf-vertical-alignment-middle eltdf-horizontal-alignment-center\" data-item-class=\"eltdf-elements-holder-custom-776758\" >\n        <div class=\"eltdf-elements-holder-item-inner\">\n        <div class=\"eltdf-elements-holder-item-content eltdf-elements-holder-custom-776758\" style=\"padding: 0\">\n            <div class=\"eltdf-elements-holder-item-content-inner\">\n                [vc_column_text]<\/p>\r\n<p style=\"text-align: center;\"><span class=\"eltdf-icon-shortcode eltdf-circle eltdf-icon-small\" style=\"background-color: #999966;\" data-color=\"#ffffff\"> <i class=\"eltdf-icon-font-awesome fa fa-1 eltdf-icon-element\" style=\"color: #ffffff;\">1<\/i><\/span><\/p>\r\n<p>[\/vc_column_text]            <\/div>\n        <\/div>\n    <\/div>\n    <\/div><\/div>[vc_empty_space height=&#8221;20px&#8221;][vc_column_text]<\/p>\r\n<h4 style=\"text-align: center;\">Crea el teu Yamaha Music ID \/ Inicia sessi\u00f3 al teu compte<\/h4>\r\n<p>[\/vc_column_text][\/vc_column][vc_column width=&#8221;1\/4&#8243;][vc_empty_space]<div class=\"eltdf-elements-holder eltdf-responsive-mode-768 eltdf-one-column-alignment-center\" ><div class=\"eltdf-elements-holder-item eltdf-width-1-1 eltdf-vertical-alignment-middle eltdf-horizontal-alignment-center\" data-item-class=\"eltdf-elements-holder-custom-496335\" >\n        <div class=\"eltdf-elements-holder-item-inner\">\n        <div class=\"eltdf-elements-holder-item-content eltdf-elements-holder-custom-496335\" style=\"padding: 0\">\n            <div class=\"eltdf-elements-holder-item-content-inner\">\n                [vc_column_text]<\/p>\r\n<p style=\"text-align: center;\"><span class=\"eltdf-icon-shortcode eltdf-circle eltdf-icon-small\" style=\"background-color: #999966;\" data-color=\"#ffffff\"> <i class=\"eltdf-icon-font-awesome fa fa-2 eltdf-icon-element\" style=\"color: #ffffff;\">2<\/i><\/span><\/p>\r\n<p>[\/vc_column_text]            <\/div>\n        <\/div>\n    <\/div>\n    <\/div><\/div>[vc_empty_space height=&#8221;20px&#8221;][vc_column_text]<\/p>\r\n<h4 style=\"text-align: center;\">Revisa la teva safata d\u2019entrada i segueix les instruccions del nostre correu electr\u00f2nic<\/h4>\r\n<p>[\/vc_column_text][\/vc_column][vc_column width=&#8221;1\/4&#8243;][vc_empty_space]<div class=\"eltdf-elements-holder eltdf-responsive-mode-768 eltdf-one-column-alignment-center\" ><div class=\"eltdf-elements-holder-item eltdf-width-1-1 eltdf-vertical-alignment-middle eltdf-horizontal-alignment-center\" data-item-class=\"eltdf-elements-holder-custom-939693\" >\n        <div class=\"eltdf-elements-holder-item-inner\">\n        <div class=\"eltdf-elements-holder-item-content eltdf-elements-holder-custom-939693\" style=\"padding: 0\">\n            <div class=\"eltdf-elements-holder-item-content-inner\">\n                [vc_column_text]<\/p>\r\n<p style=\"text-align: center;\"><span class=\"eltdf-icon-shortcode eltdf-circle eltdf-icon-small\" style=\"background-color: #999966;\" data-color=\"#ffffff\"> <i class=\"eltdf-icon-font-awesome fa fa-3 eltdf-icon-element\" style=\"color: #ffffff;\">3<\/i><\/span><\/p>\r\n<p>[\/vc_column_text]            <\/div>\n        <\/div>\n    <\/div>\n    <\/div><\/div>[vc_empty_space height=&#8221;20px&#8221;][vc_column_text]<\/p>\r\n<h4 style=\"text-align: center;\">Obt\u00e9 el teu codi \u00fanic de 5 d\u00edgits i presenta\u2019l al teu distribu\u00efdor YAMAHA en el moment de la compra<\/h4>\r\n<p>[\/vc_column_text][\/vc_column][vc_column width=&#8221;1\/4&#8243;][vc_single_image image=&#8221;10044&#8243; img_size=&#8221;large&#8221; alignment=&#8221;right&#8221; css_animation=&#8221;fadeIn&#8221;][\/vc_column][\/vc_row][vc_row css=&#8221;.vc_custom_1769116576735{padding-top: 0px !important;padding-bottom: 50px !important;}&#8221;][vc_column][vc_row_inner row_content_width=&#8221;grid&#8221;][vc_column_inner][vc_column_text]Validesa fins al 31\/03\/2026[\/vc_column_text][\/vc_column_inner][\/vc_row_inner][\/vc_column][\/vc_row][vc_row row_type=&#8221;parallax&#8221; full_screen_section_height=&#8221;no&#8221; css=&#8221;.vc_custom_1759054211025{padding-top: 0px !important;padding-bottom: 0px !important;}&#8221; parallax_section_height=&#8221;300&#8243; parallax_background_image=&#8221;10016&#8243; el_class=&#8221;eltdf-parallax-holder-cover&#8221;][vc_column][\/vc_column][\/vc_row][vc_row row_content_width=&#8221;grid&#8221;][vc_column][vc_widget_sidebar sidebar_id=&#8221;marcas-carrousel&#8221;][\/vc_column][\/vc_row]<\/p>\r\n","protected":false},"excerpt":{"rendered":"[vc_row css=&#8221;.vc_custom_1759015274704{padding-top: 30px !important;padding-bottom: 12px !important;background-color: #f7f5f5 !important;}&#8221;][vc_column css=&#8221;.vc_custom_1759060808882{padding-top: 0px !important;padding-bottom: 0px !important;}&#8221; offset=&#8221;vc_hidden-sm vc_hidden-xs&#8221;][vc_row_inner row_content_width=&#8221;grid&#8221; css=&#8221;.vc_custom_1769112595799{padding-top: 250px !important;padding-right: 15px !important;padding-bottom: 250px !important;padding-left: 15px !important;background-image: url(https:\/\/www.corralespianos.com\/ca\/wp-content\/uploads\/sites\/4\/2026\/01\/banner2_yamaha_ahorro_serie_u.jpg?id=10043) !important;background-position: center !important;background-repeat: no-repeat !important;background-size: cover !important;}&#8221;][vc_column_inner][\/vc_column_inner][\/vc_row_inner][\/vc_column][\/vc_row][vc_row css=&#8221;.vc_custom_1769116239733{padding-bottom: 50px !important;background-color: #f7f5f5 !important;}&#8221;][vc_column css=&#8221;.vc_custom_1759014423429{padding-top: 0px !important;padding-bottom: 0px !important;}&#8221;][vc_row_inner row_content_width=&#8221;grid&#8221;][vc_column_inner][vc_column_text] Des [&hellip;]","protected":false},"author":1,"featured_media":0,"parent":0,"menu_order":0,"comment_status":"closed","ping_status":"closed","template":"full-width-narrow-header.php","meta":{"footnotes":""},"class_list":["post-10042","page","type-page","status-publish","hentry"],"aioseo_notices":[],"_links":{"self":[{"href":"https:\/\/www.corralespianos.com\/ca\/wp-json\/wp\/v2\/pages\/10042"}],"collection":[{"href":"https:\/\/www.corralespianos.com\/ca\/wp-json\/wp\/v2\/pages"}],"about":[{"href":"https:\/\/www.corralespianos.com\/ca\/wp-json\/wp\/v2\/types\/page"}],"author":[{"embeddable":true,"href":"https:\/\/www.corralespianos.com\/ca\/wp-json\/wp\/v2\/users\/1"}],"replies":[{"embeddable":true,"href":"https:\/\/www.corralespianos.com\/ca\/wp-json\/wp\/v2\/comments?post=10042"}],"version-history":[{"count":7,"href":"https:\/\/www.corralespianos.com\/ca\/wp-json\/wp\/v2\/pages\/10042\/revisions"}],"predecessor-version":[{"id":10051,"href":"https:\/\/www.corralespianos.com\/ca\/wp-json\/wp\/v2\/pages\/10042\/revisions\/10051"}],"wp:attachment":[{"href":"https:\/\/www.corralespianos.com\/ca\/wp-json\/wp\/v2\/media?parent=10042"}],"curies":[{"name":"wp","href":"https:\/\/api.w.org\/{rel}","templated":true}]}}