{"id":2991,"date":"2014-06-19T11:54:29","date_gmt":"2014-06-19T11:54:29","guid":{"rendered":"https:\/\/www.corralespianos.com\/ca\/?page_id=2991"},"modified":"2023-08-31T16:28:18","modified_gmt":"2023-08-31T16:28:18","slug":"recomanacions-sobre-entorno-i-el-manteniment","status":"publish","type":"page","link":"https:\/\/www.corralespianos.com\/ca\/recomanacions-sobre-entorno-i-el-manteniment\/","title":{"rendered":"Consells. Cura del piano"},"content":{"rendered":"[vc_row row_content_width=&#8221;grid&#8221; css=&#8221;.vc_custom_1691774238123{padding-top: 76px !important;padding-bottom: 24px !important;}&#8221;][vc_column]<div class=\"eltdf-section-title-holder\" style=\"text-align: left\">\n\t\t\t<h2 class=\"eltdf-st-title\" style=\"color: #999966\">\n\t\t\t<span>Consells per a un bon manteniment<\/span>\n\t\t<\/h2>\n\t\t<\/div>[\/vc_column][\/vc_row][vc_row row_content_width=&#8221;grid&#8221; css=&#8221;.vc_custom_1691774374560{padding-bottom: 50px !important;}&#8221;][vc_column width=&#8221;1\/2&#8243;][vc_empty_space height=&#8221;12px&#8221;][vc_column_text]S\u00f3n moltes les recomanacions que podem fer. A continuaci\u00f3 en teniu unes d&#8217;elementals; per\u00f2, si ens visita, podrem ampliar-les i aclarir-les.[\/vc_column_text][vc_empty_space height=&#8221;24px&#8221;]<div class=\"eltdf-icon-list-holder\" >\n\t<div class=\"eltdf-il-icon-holder\">\n\t\t<i class=\"eltdf-icon-font-awesome fa fa-calendar \" style=\"color: #999966;font-size: 18px\" ><\/i>\t<\/div>\n\t<p class=\"eltdf-il-text\" style=\"font-size: 18px;padding-left: 26px\"> Peri\u00f2dicament fer revisions de mec\u00e0nica, afinaci\u00f3 i neteja per part d&#039;un t\u00e8cnic especialitzat.<\/p>\n<\/div><div class=\"eltdf-icon-list-holder\" >\n\t<div class=\"eltdf-il-icon-holder\">\n\t\t<i class=\"eltdf-icon-font-awesome fa fa-exclamation-circle \" style=\"color: #999966;font-size: 18px\" ><\/i>\t<\/div>\n\t<p class=\"eltdf-il-text\" style=\"font-size: 18px;padding-left: 26px\"> No posar objectes a sobre que puguin fer-lo malb\u00e9 (plantes, gerros, ...).<\/p>\n<\/div><div class=\"eltdf-icon-list-holder\" >\n\t<div class=\"eltdf-il-icon-holder\">\n\t\t<i class=\"eltdf-icon-font-awesome fa fa-music \" style=\"color: #999966;font-size: 18px\" ><\/i>\t<\/div>\n\t<p class=\"eltdf-il-text\" style=\"font-size: 18px;padding-left: 26px\"> Tocar l&#039;instrument regularment.<\/p>\n<\/div>[\/vc_column][vc_column width=&#8221;1\/2&#8243;][vc_single_image image=&#8221;405&#8243; img_size=&#8221;large&#8221; alignment=&#8221;right&#8221; css_animation=&#8221;fadeIn&#8221;][\/vc_column][\/vc_row][vc_row css=&#8221;.vc_custom_1691775873558{padding-bottom: 50px !important;background-color: #f7f5f5 !important;}&#8221;][vc_column][vc_row_inner row_content_width=&#8221;grid&#8221;][vc_column_inner]<div class=\"eltdf-section-title-holder\" style=\"text-align: left\">\n\t\t\t<h3 class=\"eltdf-st-title\" style=\"color: #999966\">\n\t\t\t<span>L&#039;entorn<\/span>\n\t\t<\/h3>\n\t\t<\/div>[vc_empty_space height=&#8221;24px&#8221;][vc_column_text]Una ac\u00fastica bona no pot convertir un piano mediocre en excel\u00b7lent, per\u00f2 una mala ac\u00fastica s\u00ed que pot convertir un piano excel\u00b7lent en mediocre. \n<span class=\"eltdf-highlight\" style=\"color: #996;background-color: #e8e8c3\">\n\tLa ubicaci\u00f3 del piano<\/span> a l&#8217;espai \u00e9s definit\u00f2ria del so que ens tornar\u00e0. Malauradament, el piano no es col\u00b7loca al lloc que te\u00f2ricament \u00e9s millor, sin\u00f3 que sol tenir una ubicaci\u00f3 d&#8217;encaix a l&#8217;entorn familiar.[\/vc_column_text][vc_empty_space height=&#8221;12px&#8221;][vc_column_text]Pel que fa als pianos de cua, la situaci\u00f3 \u00e9s encara m\u00e9s important, ja que necessiten unes dist\u00e0ncies concretes per assolir el m\u00e0xim rendiment, cosa que a la majoria de les cases no es compleix.[\/vc_column_text][vc_empty_space][\/vc_column_inner][\/vc_row_inner][vc_row_inner row_content_width=&#8221;grid&#8221;][vc_column_inner width=&#8221;1\/6&#8243;][\/vc_column_inner][vc_column_inner width=&#8221;2\/3&#8243;]\n<div class=\"eltdf-image-gallery\">\n\t<div class=\"eltdf-ig-grid  eltdf-ig-columns-4 eltdf-ig-small-space\">\n        \t\t\t\t\t<div class=\"eltdf-ig-image\">\n\t\t\t\t\t\t\t\t\t\t\t\t\t\t\t<img loading=\"lazy\" decoding=\"async\" src=\"https:\/\/www.corralespianos.com\/ca\/wp-content\/uploads\/sites\/4\/2014\/04\/vista-local-carrer-grassot-250x130.jpg\" alt=\"Vista del local del carrer grassot. Exposici\u00f3 de pianos\" width=\"250\" height=\"130\" \/>\t\t\t\t\t\t            \t\t\t<\/div>\n\t\t\t\t\t<div class=\"eltdf-ig-image\">\n\t\t\t\t\t\t\t\t\t\t\t\t\t\t\t<img loading=\"lazy\" decoding=\"async\" src=\"https:\/\/www.corralespianos.com\/ca\/wp-content\/uploads\/sites\/4\/2014\/06\/pianos-grassot-01-250x130.jpg\" alt=\"Imagen pianos en el almac\u00e9n de la calle Grassot\" width=\"250\" height=\"130\" \/>\t\t\t\t\t\t            \t\t\t<\/div>\n\t\t\t\t\t<div class=\"eltdf-ig-image\">\n\t\t\t\t\t\t\t\t\t\t\t\t\t\t\t<img loading=\"lazy\" decoding=\"async\" src=\"https:\/\/www.corralespianos.com\/ca\/wp-content\/uploads\/sites\/4\/2014\/06\/pianos-grassot-03-250x130.jpg\" alt=\"Imagen pianos en el almac\u00e9n de la calle Grassot\" width=\"250\" height=\"130\" \/>\t\t\t\t\t\t            \t\t\t<\/div>\n\t\t\t\t\t<div class=\"eltdf-ig-image\">\n\t\t\t\t\t\t\t\t\t\t\t\t\t\t\t<img loading=\"lazy\" decoding=\"async\" src=\"https:\/\/www.corralespianos.com\/ca\/wp-content\/uploads\/sites\/4\/2022\/08\/pianos-grassot-02-250x130.jpg\" alt=\"Imagen pianos en el almac\u00e9n de la calle Grassot\" width=\"250\" height=\"130\" \/>\t\t\t\t\t\t            \t\t\t<\/div>\n\t\t\t<\/div>\n<\/div>[\/vc_column_inner][vc_column_inner width=&#8221;1\/6&#8243;][\/vc_column_inner][\/vc_row_inner][vc_row_inner row_content_width=&#8221;grid&#8221;][vc_column_inner][vc_column_text]En el cas del piano vertical, aquest fet no \u00e9s tan acusat, per\u00f2 cal cercar la relaci\u00f3 correcta entre les parets que envolten el piano i els tipus de superf\u00edcies. No \u00e9s nom\u00e9s l&#8217;enclavament el que determina la percepci\u00f3 del so tornat.[\/vc_column_text][vc_empty_space height=&#8221;12px&#8221;][vc_column_text]El fet que el material de les parets sigui m\u00e9s absorbent o menys tamb\u00e9 influir\u00e0 decisivament, aix\u00ed com la inclinaci\u00f3 i la rugositat, el volum d&#8217;aire i l&#8217;orografia dels espais.[\/vc_column_text][\/vc_column_inner][\/vc_row_inner][\/vc_column][\/vc_row][vc_row row_type=&#8221;parallax&#8221; full_screen_section_height=&#8221;no&#8221; css=&#8221;.vc_custom_1691776302789{padding-top: 0px !important;padding-bottom: 0px !important;}&#8221; parallax_section_height=&#8221;300&#8243; parallax_background_image=&#8221;8699&#8243; el_class=&#8221;eltdf-parallax-holder-cover&#8221;][vc_column][\/vc_column][\/vc_row][vc_row css=&#8221;.vc_custom_1693006366380{padding-top: 12px !important;padding-bottom: 76px !important;background-color: #e8e8c3 !important;}&#8221;][vc_column][vc_row_inner row_content_width=&#8221;grid&#8221; css=&#8221;.vc_custom_1691776296930{padding-bottom: 24px !important;}&#8221;][vc_column_inner]<div class=\"eltdf-section-title-holder\" style=\"text-align: left\">\n\t\t\t<h3 class=\"eltdf-st-title\" style=\"color: #999966\">\n\t\t\t<span>Manteniment i cura<\/span>\n\t\t<\/h3>\n\t\t<\/div>[\/vc_column_inner][\/vc_row_inner][vc_row_inner row_content_width=&#8221;grid&#8221;][vc_column_inner width=&#8221;5\/6&#8243;][vc_column_text]Donar una incorrecta ubicaci\u00f3 al nostre instrument no nom\u00e9s deteriorar\u00e0 la percepci\u00f3 del so, sin\u00f3 que pot escur\u00e7ar la vida \u00fatil. \u00b7 Cal complir, en la mesura del possible, les condicions seg\u00fcents:[\/vc_column_text][vc_empty_space height=&#8221;35px&#8221;]<div class=\"eltdf-icon-list-holder\" >\n\t<div class=\"eltdf-il-icon-holder\">\n\t\t<i class=\"eltdf-icon-font-awesome fa fa-exclamation-circle \" style=\"color: #dd3333;font-size: 20px\" ><\/i>\t<\/div>\n\t<p class=\"eltdf-il-text\" style=\"padding-left: 20px\"> Allunyar el piano de fonts de calor, d&#039;humitat o de fred. \u2013 Mantenir un r\u00e8gim constant de temperatures i humitat<\/p>\n<\/div>[vc_empty_space height=&#8221;15px&#8221;]<div class=\"eltdf-icon-list-holder\" >\n\t<div class=\"eltdf-il-icon-holder\">\n\t\t<i class=\"eltdf-icon-font-awesome fa fa-exclamation-circle \" style=\"color: #dd3333;font-size: 20px\" ><\/i>\t<\/div>\n\t<p class=\"eltdf-il-text\" style=\"padding-left: 20px\"> Mantenir el grau d&#039;humitat ajustat als valors indicats<\/p>\n<\/div>[vc_empty_space][\/vc_column_inner][vc_column_inner width=&#8221;1\/6&#8243;][vc_single_image image=&#8221;2994&#8243; img_size=&#8221;full&#8221; alignment=&#8221;center&#8221;][\/vc_column_inner][\/vc_row_inner][\/vc_column][\/vc_row][vc_row css=&#8221;.vc_custom_1661536938240{padding-top: 35px !important;padding-bottom: 50px !important;background: #707070 url(https:\/\/www.corralespianos.com\/ca\/wp-content\/uploads\/sites\/4\/2014\/04\/image-hand-piano.jpg?id=245) !important;background-position: center !important;background-repeat: no-repeat !important;background-size: cover !important;}&#8221;][vc_column][vc_widget_sidebar sidebar_id=&#8221;call-to-action-contacto&#8221;][\/vc_column][\/vc_row][vc_row row_content_width=&#8221;grid&#8221;][vc_column][vc_widget_sidebar sidebar_id=&#8221;marcas-carrousel&#8221;][\/vc_column][\/vc_row]","protected":false},"excerpt":{"rendered":"[vc_row row_content_width=&#8221;grid&#8221; css=&#8221;.vc_custom_1691774238123{padding-top: 76px !important;padding-bottom: 24px !important;}&#8221;][vc_column][\/vc_column][\/vc_row][vc_row row_content_width=&#8221;grid&#8221; css=&#8221;.vc_custom_1691774374560{padding-bottom: 50px !important;}&#8221;][vc_column width=&#8221;1\/2&#8243;][vc_empty_space height=&#8221;12px&#8221;][vc_column_text]S\u00f3n moltes les recomanacions que podem fer. A continuaci\u00f3 en teniu unes d&#8217;elementals; per\u00f2, si ens visita, podrem ampliar-les i aclarir-les.[\/vc_column_text][vc_empty_space height=&#8221;24px&#8221;][\/vc_column][vc_column width=&#8221;1\/2&#8243;][vc_single_image image=&#8221;405&#8243; img_size=&#8221;large&#8221; alignment=&#8221;right&#8221; css_animation=&#8221;fadeIn&#8221;][\/vc_column][\/vc_row][vc_row css=&#8221;.vc_custom_1691775873558{padding-bottom: 50px !important;background-color: #f7f5f5 !important;}&#8221;][vc_column][vc_row_inner row_content_width=&#8221;grid&#8221;][vc_column_inner][vc_empty_space [&hellip;]","protected":false},"author":1,"featured_media":0,"parent":0,"menu_order":0,"comment_status":"closed","ping_status":"closed","template":"full-width-narrow-header.php","meta":{"footnotes":""},"class_list":["post-2991","page","type-page","status-publish","hentry"],"aioseo_notices":[],"_links":{"self":[{"href":"https:\/\/www.corralespianos.com\/ca\/wp-json\/wp\/v2\/pages\/2991"}],"collection":[{"href":"https:\/\/www.corralespianos.com\/ca\/wp-json\/wp\/v2\/pages"}],"about":[{"href":"https:\/\/www.corralespianos.com\/ca\/wp-json\/wp\/v2\/types\/page"}],"author":[{"embeddable":true,"href":"https:\/\/www.corralespianos.com\/ca\/wp-json\/wp\/v2\/users\/1"}],"replies":[{"embeddable":true,"href":"https:\/\/www.corralespianos.com\/ca\/wp-json\/wp\/v2\/comments?post=2991"}],"version-history":[{"count":67,"href":"https:\/\/www.corralespianos.com\/ca\/wp-json\/wp\/v2\/pages\/2991\/revisions"}],"predecessor-version":[{"id":9711,"href":"https:\/\/www.corralespianos.com\/ca\/wp-json\/wp\/v2\/pages\/2991\/revisions\/9711"}],"wp:attachment":[{"href":"https:\/\/www.corralespianos.com\/ca\/wp-json\/wp\/v2\/media?parent=2991"}],"curies":[{"name":"wp","href":"https:\/\/api.w.org\/{rel}","templated":true}]}}