{"id":8870,"date":"2023-08-05T17:18:42","date_gmt":"2023-08-05T17:18:42","guid":{"rendered":"https:\/\/www.corralespianos.com\/ca\/cuidados-del-piano-copia\/"},"modified":"2023-08-31T20:03:38","modified_gmt":"2023-08-31T20:03:38","slug":"servei-tecnic-exclusiu","status":"publish","type":"page","link":"https:\/\/www.corralespianos.com\/ca\/servei-tecnic-exclusiu\/","title":{"rendered":"Servei t\u00e8cnic exclusiu"},"content":{"rendered":"[vc_row row_content_width=&#8221;grid&#8221; css=&#8221;.vc_custom_1692983242931{padding-top: 76px !important;padding-bottom: 76px !important;}&#8221;][vc_column offset=&#8221;vc_col-lg-12&#8243;]<div class=\"eltdf-section-title-holder\" style=\"text-align: left\">\n\t\t\t<h2 class=\"eltdf-st-title\" style=\"color: #999966\">\n\t\t\t<span>Servei t\u00e8cnic exclusiu<\/span>\n\t\t<\/h2>\n\t\t<\/div>[vc_row_inner][vc_column_inner width=&#8221;2\/3&#8243;][vc_empty_space][vc_column_text]El nostre servei t\u00e8cnic \u00e9s conegut i valorat per la qualitat, dedicaci\u00f3 i estima amb qu\u00e8 fem la feina.\r\n\r\nDe temps en\u00e7\u00e0 hem pres la determinaci\u00f3 d&#8217;atendre nom\u00e9s els clients que ens han fet confian\u00e7a a l&#8217;hora d&#8217;adquirir un instrument. Considerem important aquest punt per la manera com fem les coses abans i despr\u00e9s de vendre.\r\n\r\nEl cos t\u00e8cnic est\u00e0 format principalment pels continuadors de la saga familiar de t\u00e8cnics i afinadors, els quals, a m\u00e9s d&#8217;anys d&#8217;experi\u00e8ncia i de coneixements transmesos de generaci\u00f3 rera generaci\u00f3, estan avalats pels exigents per\u00edodes de formaci\u00f3 t\u00e8cnica a les acad\u00e8mies i f\u00e0briques de les marques m\u00e9s prestigioses.\r\n\r\nTot aquest bagatge ens permet afrontar amb seguretat qualsevol situaci\u00f3 que es pugui produir a l&#8217;\u00e0mbit t\u00e8cnic del piano.[\/vc_column_text][\/vc_column_inner][vc_column_inner width=&#8221;1\/3&#8243;][vc_empty_space]<div class=\"eltdf-image-with-text-holder\">\n    <div class=\"eltdf-iwt-image\">\n                                    <img loading=\"lazy\" decoding=\"async\" width=\"699\" height=\"370\" src=\"https:\/\/www.corralespianos.com\/ca\/wp-content\/uploads\/sites\/4\/2022\/09\/artesano-trabajando-piano.jpg\" class=\"attachment-full size-full\" alt=\"Artesano trabajando en piano\" srcset=\"https:\/\/www.corralespianos.com\/ca\/wp-content\/uploads\/sites\/4\/2022\/09\/artesano-trabajando-piano.jpg 699w, https:\/\/www.corralespianos.com\/ca\/wp-content\/uploads\/sites\/4\/2022\/09\/artesano-trabajando-piano-300x159.jpg 300w\" sizes=\"(max-width: 699px) 100vw, 699px\" \/>                        <\/div>\n    <div class=\"eltdf-iwt-text-holder\">\n        \t\t            <p class=\"eltdf-iwt-text\" style=\"color: #999966\">Servei t\u00e8cnic de llarga tradici\u00f3 familiar. Afinadors amb gran experi\u00e8ncia i formaci\u00f3 especialitzada<\/p>\n            <\/div>\n<\/div>[\/vc_column_inner][\/vc_row_inner][vc_empty_space][vc_row_inner][vc_column_inner width=&#8221;1\/2&#8243;][vc_empty_space height=&#8221;40px&#8221; el_id=&#8221;section-servicio-tecnico-taller&#8221;]<div class=\"eltdf-iwt clearfix eltdf-iwt-icon-left eltdf-iwt-icon-medium\">\n    <div class=\"eltdf-iwt-icon\">\n                                        <span class=\"eltdf-icon-shortcode eltdf-normal eltdf-icon-medium\"  >\n                    <i class=\"eltdf-icon-font-awesome fa fa-wrench eltdf-icon-element\" style=\"\" ><\/i>            <\/span>\n                        <\/div>\n    <div class=\"eltdf-iwt-content\" >\n\t    \t        <h4 class=\"eltdf-iwt-title\" >\n\t\t\t    \t               Taller\t\t\t                <\/h4>\n\t    \t\t    <\/div>\n<\/div>[vc_empty_space height=&#8221;12px&#8221;][vc_column_text css=&#8221;.vc_custom_1691279243285{padding-left: 60px !important;}&#8221;]Som un taller centenari i posem a la vostra disposici\u00f3 tots els coneixements adquirits amb el pas del temps. En resultes d&#8217;aix\u00f2, us podem oferir un ventall de possibilitats que abracen tots els aspectes relatius a l&#8217;instrument.\r\n\r\nAl nostre taller realitzem tot tipus de restauracions, reparacions, adaptacions i de millores que pugui requerir el seu piano.[\/vc_column_text][\/vc_column_inner][vc_column_inner width=&#8221;1\/2&#8243;][vc_empty_space height=&#8221;40px&#8221; el_id=&#8221;section-servicio-tecnico-restauraciones&#8221;]<div class=\"eltdf-iwt clearfix eltdf-iwt-icon-left eltdf-iwt-icon-medium\">\n    <div class=\"eltdf-iwt-icon\">\n                                        <span class=\"eltdf-icon-shortcode eltdf-normal eltdf-icon-medium\"  >\n                    <i class=\"eltdf-icon-font-awesome fa fa-recycle eltdf-icon-element\" style=\"\" ><\/i>            <\/span>\n                        <\/div>\n    <div class=\"eltdf-iwt-content\" >\n\t    \t        <h4 class=\"eltdf-iwt-title\" >\n\t\t\t    \t               Restauraci\u00f3\t\t\t                <\/h4>\n\t    \t\t    <\/div>\n<\/div>[vc_empty_space height=&#8221;12px&#8221;][vc_column_text css=&#8221;.vc_custom_1691279263196{padding-left: 60px !important;}&#8221;]Posem a la venda, pianos que han estat restaurats al nostre taller. Aquest tipus de piano \u00e9s esc\u00e0s, ja que el proc\u00e9s de restauraci\u00f3 \u00e9s llarg i cost\u00f3s. Aquests instruments s\u00f3n pianos destil de les marques m\u00e9s rellevants de l&#8217;\u00e8poca.\r\nPer obtenir un bon resultat en termes de so, mec\u00e0nica i moble, han requerit una reparaci\u00f3 minuciosa.\r\n\r\nTrobareu aquests pianos a la secci\u00f3 d&#8217;Ocasions.[\/vc_column_text][\/vc_column_inner][\/vc_row_inner][\/vc_column][\/vc_row][vc_row content_text_aligment=&#8221;center&#8221; css=&#8221;.vc_custom_1691430610028{padding-bottom: 35px !important;background-color: #363636 !important;}&#8221;][vc_column][vc_row_inner row_content_width=&#8221;grid&#8221; content_text_aligment=&#8221;center&#8221;][vc_column_inner width=&#8221;1\/6&#8243;][\/vc_column_inner][vc_column_inner width=&#8221;2\/3&#8243;][vc_empty_space height=&#8221;20px&#8221; el_id=&#8221;section-servicio-tecnico-restauraciones&#8221;][vc_masonry_media_grid grid_id=&#8221;vc_gid:1692983086795-f2b376fc-6734-6&#8243; include=&#8221;8905,8911,8883,8889,8912&#8243;][vc_empty_space height=&#8221;20px&#8221;][\/vc_column_inner][vc_column_inner width=&#8221;1\/6&#8243;][\/vc_column_inner][\/vc_row_inner][\/vc_column][\/vc_row][vc_row css=&#8221;.vc_custom_1691278339956{background-color: #f7f5f5 !important;}&#8221;][vc_column][vc_row_inner row_content_width=&#8221;grid&#8221; content_text_aligment=&#8221;center&#8221;][vc_column_inner][vc_empty_space height=&#8221;40px&#8221;]<div class=\"eltdf-section-title-holder\" style=\"text-align: center\">\n\t\t\t<h2 class=\"eltdf-st-title\" style=\"color: #999966\">\n\t\t\t<span>Instal\u00b7laci\u00f3 de sistemes<\/span>\n\t\t<\/h2>\n\t\t\t\t<h5 class=\"eltdf-st-text\" style=\"margin-top: 20px\">Millora les prestacions del teu piano amb la tecnologia que millor s&#039;adapti a les teves necessitats<\/h5>\n\t<\/div>[vc_empty_space height=&#8221;40px&#8221;][\/vc_column_inner][\/vc_row_inner][vc_row_inner row_content_width=&#8221;grid&#8221;][vc_column_inner width=&#8221;1\/2&#8243;][vc_empty_space height=&#8221;40px&#8221; el_id=&#8221;section-servicio-tecnico-sistemas-silent&#8221;]<div class=\"eltdf-image-with-text-holder\">\n    <div class=\"eltdf-iwt-image\">\n                                    <img loading=\"lazy\" decoding=\"async\" width=\"674\" height=\"445\" src=\"https:\/\/www.corralespianos.com\/ca\/wp-content\/uploads\/sites\/4\/2023\/08\/instalacion-sistema-silent.jpg\" class=\"attachment-full size-full\" alt=\"\" srcset=\"https:\/\/www.corralespianos.com\/ca\/wp-content\/uploads\/sites\/4\/2023\/08\/instalacion-sistema-silent.jpg 674w, https:\/\/www.corralespianos.com\/ca\/wp-content\/uploads\/sites\/4\/2023\/08\/instalacion-sistema-silent-300x198.jpg 300w\" sizes=\"(max-width: 674px) 100vw, 674px\" \/>                        <\/div>\n    <div class=\"eltdf-iwt-text-holder\">\n                    <h4 class=\"eltdf-iwt-title\" >Sistemes silenciadors tipus SILENT<\/h4>\n        \t\t    <\/div>\n<\/div>[vc_empty_space height=&#8221;12px&#8221;][vc_column_text]Tamb\u00e9 tenim a la vostra disposici\u00f3 sistemes de tipus SILENT, per transferir, nom\u00e9s amb una palanca, el so del piano ac\u00fastic, als auriculars, emmudint el piano per a tots aquells que no porten posats els auriculars sense alterar la pulsaci\u00f3 ni el tacte real del mecanisme del piano.\r\n\r\nAix\u00f2 permet tocar a tota hora ia tot arreu, sense ser molestat ni molestar ning\u00fa.[\/vc_column_text][\/vc_column_inner][vc_column_inner width=&#8221;1\/2&#8243;][vc_empty_space height=&#8221;40px&#8221; el_id=&#8221;section-servicio-tecnico-sistema-climatizacion&#8221;]<div class=\"eltdf-image-with-text-holder\">\n    <div class=\"eltdf-iwt-image\">\n                                    <img loading=\"lazy\" decoding=\"async\" width=\"700\" height=\"466\" src=\"https:\/\/www.corralespianos.com\/ca\/wp-content\/uploads\/sites\/4\/2023\/08\/mantenimiento-piano-life-saver-sistema-control-humedad-piezas.jpg\" class=\"attachment-full size-full\" alt=\"\" srcset=\"https:\/\/www.corralespianos.com\/ca\/wp-content\/uploads\/sites\/4\/2023\/08\/mantenimiento-piano-life-saver-sistema-control-humedad-piezas.jpg 700w, https:\/\/www.corralespianos.com\/ca\/wp-content\/uploads\/sites\/4\/2023\/08\/mantenimiento-piano-life-saver-sistema-control-humedad-piezas-300x200.jpg 300w\" sizes=\"(max-width: 700px) 100vw, 700px\" \/>                        <\/div>\n    <div class=\"eltdf-iwt-text-holder\">\n                    <h4 class=\"eltdf-iwt-title\" >Sistema micro climatitzaci\u00f3 PIANO LIFE SAVER<\/h4>\n        \t\t    <\/div>\n<\/div>[vc_empty_space height=&#8221;12px&#8221;][vc_column_text]Instal\u00b7lem sistemes de microclimatitzaci\u00f3 per allargar la vida dels instruments. Aquests sistemes regulen i compensen les fluctuacions d&#8217;humitat que es donen a l&#8217;ambient m\u00e9s immediat del piano.\r\n\r\nEl piano est\u00e0 fet principalment de fusta, feltre, llana, pell i metall. La majoria s\u00f3n materials molt permeables a la humitat, i sobretot als canvis que pugui experimentar. Els canvis d&#8217;humitat es tradueixen en el fet que els elements que constitueixen el piano pateixen canvis en la morfologia, ja que s&#8217;expandeixen o es contrauen. Aquests moviments tenen un efecte multiplicador en combinaci\u00f3 amb la temperatura, fent que l&#8217;instrument es desajusti i es desafini, i els problemes poden ser m\u00e9s greus si els canvis s\u00f3n molt severs.\r\n\r\nPiano Life Saver equilibra les fluctuacions d&#8217;humitat, alleuja molts efectes secundaris negatius i, en \u00faltima inst\u00e0ncia, perllonga la vida \u00fatil del piano.[\/vc_column_text][\/vc_column_inner][\/vc_row_inner][vc_empty_space height=&#8221;100px&#8221;][\/vc_column][\/vc_row][vc_row css=&#8221;.vc_custom_1691430761366{background-position: center !important;background-repeat: no-repeat !important;background-size: cover !important;}&#8221;][vc_column css=&#8221;.vc_custom_1691430950826{padding-top: 0px !important;}&#8221;][vc_widget_sidebar sidebar_id=&#8221;banner-servicio-alquiler-pianos&#8221;][\/vc_column][\/vc_row][vc_row row_content_width=&#8221;grid&#8221;][vc_column][vc_widget_sidebar sidebar_id=&#8221;marcas-carrousel&#8221;][\/vc_column][\/vc_row]","protected":false},"excerpt":{"rendered":"[vc_row row_content_width=&#8221;grid&#8221; css=&#8221;.vc_custom_1692983242931{padding-top: 76px !important;padding-bottom: 76px !important;}&#8221;][vc_column offset=&#8221;vc_col-lg-12&#8243;][vc_row_inner][vc_column_inner width=&#8221;2\/3&#8243;][vc_empty_space][vc_column_text]El nostre servei t\u00e8cnic \u00e9s conegut i valorat per la qualitat, dedicaci\u00f3 i estima amb qu\u00e8 fem la feina. De temps en\u00e7\u00e0 hem pres la determinaci\u00f3 d&#8217;atendre nom\u00e9s els clients que ens han fet confian\u00e7a a l&#8217;hora [&hellip;]","protected":false},"author":1,"featured_media":0,"parent":0,"menu_order":0,"comment_status":"closed","ping_status":"closed","template":"full-width.php","meta":{"footnotes":""},"class_list":["post-8870","page","type-page","status-publish","hentry"],"aioseo_notices":[],"_links":{"self":[{"href":"https:\/\/www.corralespianos.com\/ca\/wp-json\/wp\/v2\/pages\/8870"}],"collection":[{"href":"https:\/\/www.corralespianos.com\/ca\/wp-json\/wp\/v2\/pages"}],"about":[{"href":"https:\/\/www.corralespianos.com\/ca\/wp-json\/wp\/v2\/types\/page"}],"author":[{"embeddable":true,"href":"https:\/\/www.corralespianos.com\/ca\/wp-json\/wp\/v2\/users\/1"}],"replies":[{"embeddable":true,"href":"https:\/\/www.corralespianos.com\/ca\/wp-json\/wp\/v2\/comments?post=8870"}],"version-history":[{"count":53,"href":"https:\/\/www.corralespianos.com\/ca\/wp-json\/wp\/v2\/pages\/8870\/revisions"}],"predecessor-version":[{"id":8875,"href":"https:\/\/www.corralespianos.com\/ca\/wp-json\/wp\/v2\/pages\/8870\/revisions\/8875"}],"wp:attachment":[{"href":"https:\/\/www.corralespianos.com\/ca\/wp-json\/wp\/v2\/media?parent=8870"}],"curies":[{"name":"wp","href":"https:\/\/api.w.org\/{rel}","templated":true}]}}