{"id":9014,"date":"2023-08-10T16:00:35","date_gmt":"2023-08-10T16:00:35","guid":{"rendered":"https:\/\/www.corralespianos.com\/ca\/consejos-cuidados-del-piano-copia\/"},"modified":"2023-08-31T16:18:30","modified_gmt":"2023-08-31T16:18:30","slug":"condicions-de-compra","status":"publish","type":"page","link":"https:\/\/www.corralespianos.com\/ca\/condicions-de-compra\/","title":{"rendered":"Condicions de compra"},"content":{"rendered":"[vc_row row_content_width=&#8221;grid&#8221; css=&#8221;.vc_custom_1693005963791{padding-top: 76px !important;padding-bottom: 50px !important;}&#8221;][vc_column]<div class=\"eltdf-section-title-holder\" style=\"text-align: left\">\n\t\t\t<h2 class=\"eltdf-st-title\" >\n\t\t\t<span>Condicions de lliurament<\/span>\n\t\t<\/h2>\n\t\t<\/div>[vc_empty_space height=&#8221;12px&#8221;][vc_column_text]Per la compra d&#8217;un piano, incloem els obsequis seg\u00fcents:[\/vc_column_text][vc_empty_space height=&#8221;24px&#8221;]<div class=\"eltdf-icon-list-holder\" >\n\t<div class=\"eltdf-il-icon-holder\">\n\t\t<i class=\"eltdf-icon-font-awesome fa fa-check-circle \" style=\"color: #999966;font-size: 18px\" ><\/i>\t<\/div>\n\t<p class=\"eltdf-il-text\" style=\"font-size: 18px;padding-left: 26px\"> Transport de l&#039;instrument fins al domicili particular (En el cas poc habitual de necessitar el servei d&#039;una grua, aquesta no est\u00e0 inclosa).<\/p>\n<\/div><div class=\"eltdf-icon-list-holder\" >\n\t<div class=\"eltdf-il-icon-holder\">\n\t\t<i class=\"eltdf-icon-font-awesome fa fa-check-circle \" style=\"color: #999966;font-size: 18px\" ><\/i>\t<\/div>\n\t<p class=\"eltdf-il-text\" style=\"font-size: 18px;padding-left: 26px\"> Una banqueta d&#039;al\u00e7ada regulable.<\/p>\n<\/div><div class=\"eltdf-icon-list-holder\" >\n\t<div class=\"eltdf-il-icon-holder\">\n\t\t<i class=\"eltdf-icon-font-awesome fa fa-check-circle \" style=\"color: #999966;font-size: 18px\" ><\/i>\t<\/div>\n\t<p class=\"eltdf-il-text\" style=\"font-size: 18px;padding-left: 26px\"> Cobertura especial per preservar el teclat de la pols i dels agents externs.<\/p>\n<\/div><div class=\"eltdf-icon-list-holder\" >\n\t<div class=\"eltdf-il-icon-holder\">\n\t\t<i class=\"eltdf-icon-font-awesome fa fa-check-circle \" style=\"color: #999966;font-size: 18px\" ><\/i>\t<\/div>\n\t<p class=\"eltdf-il-text\" style=\"font-size: 18px;padding-left: 26px\"> Una primera afinaci\u00f3 entre el primer i tercer mes d&#039;haver adquirit el piano.<\/p>\n<\/div>[\/vc_column][\/vc_row][vc_row css=&#8221;.vc_custom_1691685528943{background-color: #e8e8c3 !important;}&#8221;][vc_column css=&#8221;.vc_custom_1691685603563{padding-top: 0px !important;padding-bottom: 0px !important;}&#8221;]<div class=\"eltdf-elements-holder eltdf-responsive-mode-768 eltdf-one-column-alignment-left\" ><div class=\"eltdf-elements-holder-item eltdf-width-1-2 eltdf-vertical-alignment-middle eltdf-horizontal-alignment-left\" data-item-class=\"eltdf-elements-holder-custom-392317\" data-1280-1440=\"50px 10% 50px 33%\" data-1024-1280=\"50px 10% 50px 20%\" data-768-1024=\"50px 10%\" data-600-768=\"50px 7%\" data-480-600=\"50px 15%\" data-480=\"50px 10%\" >\n        <div class=\"eltdf-elements-holder-item-inner\">\n        <div class=\"eltdf-elements-holder-item-content eltdf-elements-holder-custom-392317\" style=\"padding: 50px 10% 50px 33%\">\n            <div class=\"eltdf-elements-holder-item-content-inner\">\n                <div class=\"eltdf-section-title-holder\" style=\"text-align: left\">\n\t\t\t<h2 class=\"eltdf-st-title\" >\n\t\t\t<span>Finan\u00e7ament<\/span>\n\t\t<\/h2>\n\t\t<\/div>[vc_empty_space height=&#8221;12px&#8221;][vc_column_text]Finan\u00e7ament amb \n<span class=\"eltdf-highlight\" style=\"background-color: #996\">\n\tCETELEM<\/span>, empresa especialitzada en la concessi\u00f3 de cr\u00e8dits al consum, cr\u00e8dit en l\u00ednia i targetes, pertanyent des de l&#8217;any 1988 al grup \n<span class=\"eltdf-highlight\" style=\"background-color: #996\">\n\tBNP Paribas<\/span>.[\/vc_column_text][vc_empty_space height=&#8221;24px&#8221;]<div class=\"eltdf-icon-list-holder\" >\n\t<div class=\"eltdf-il-icon-holder\">\n\t\t<i class=\"eltdf-icon-font-awesome fa fa-check-circle \" style=\"color: #999966;font-size: 18px\" ><\/i>\t<\/div>\n\t<p class=\"eltdf-il-text\" style=\"font-size: 18px;padding-left: 26px\"> Possibilitat de finan\u00e7ar fins el 100% de la compra.<\/p>\n<\/div><div class=\"eltdf-icon-list-holder\" >\n\t<div class=\"eltdf-il-icon-holder\">\n\t\t<i class=\"eltdf-icon-font-awesome fa fa-check-circle \" style=\"color: #999966;font-size: 18px\" ><\/i>\t<\/div>\n\t<p class=\"eltdf-il-text\" style=\"font-size: 18px;padding-left: 26px\"> El primer rebut no es paga fins al seg\u00fcent mes.<\/p>\n<\/div><div class=\"eltdf-icon-list-holder\" >\n\t<div class=\"eltdf-il-icon-holder\">\n\t\t<i class=\"eltdf-icon-font-awesome fa fa-check-circle \" style=\"color: #999966;font-size: 18px\" ><\/i>\t<\/div>\n\t<p class=\"eltdf-il-text\" style=\"font-size: 18px;padding-left: 26px\"> Sense necessitat de disposar de tarjeta de cr\u00e9dito.<\/p>\n<\/div>[vc_empty_space height=&#8221;12px&#8221;][vc_column_text]Mitjan\u00e7ant del simulador del seg\u00fcent enlla\u00e7 podr\u00e0s calcular els detalls concrets del finan\u00e7ament:[\/vc_column_text][vc_empty_space height=&#8221;24px&#8221;]<a itemprop=\"url\" href=\"https:\/\/www.cetelem.es\/creditocetelem\/configuracion.htm\" target=\"_blank\" style=\"color: #ffffff;background-color: #999966;border-color: #999966\" class=\"eltdf-btn eltdf-btn-medium eltdf-btn-solid eltdf-btn-custom-hover-bg eltdf-btn-custom-border-hover eltdf-btn-custom-hover-color\" data-hover-color=\"#999966\" data-hover-bg-color=\"#ffffff\" data-hover-border-color=\"#999966\" >\n    <span class=\"eltdf-btn-text\">Obrir simulaci\u00f3<\/span>\n    <\/a>            <\/div>\n        <\/div>\n    <\/div>\n    <\/div><div class=\"eltdf-elements-holder-item eltdf-width-1-2 eltdf-vertical-alignment-middle eltdf-horizontal-alignment-left\" data-item-class=\"eltdf-elements-holder-custom-772295\" style=\"background-image: url(https:\/\/www.corralespianos.com\/ca\/wp-content\/uploads\/sites\/4\/2023\/08\/financiacion_cetelem.jpg)\">\n        <div class=\"eltdf-elements-holder-item-inner\">\n        <div class=\"eltdf-elements-holder-item-content eltdf-elements-holder-custom-772295\" >\n            <div class=\"eltdf-elements-holder-item-content-inner\">\n                            <\/div>\n        <\/div>\n    <\/div>\n    <\/div><\/div>[\/vc_column][\/vc_row][vc_row css=&#8221;.vc_custom_1691711286121{background-image: url(https:\/\/www.corralespianos.com\/ca\/wp-content\/uploads\/sites\/4\/2023\/08\/mapa-europa-vector-lineas.jpg?id=9041) !important;background-position: center !important;background-repeat: no-repeat !important;background-size: cover !important;}&#8221;][vc_column][vc_row_inner row_content_width=&#8221;grid&#8221; content_text_aligment=&#8221;left&#8221; css=&#8221;.vc_custom_1693005981335{padding-top: 32px !important;padding-bottom: 100px !important;}&#8221;][vc_column_inner]<div class=\"eltdf-section-title-holder\" style=\"text-align: left\">\n\t\t\t<h2 class=\"eltdf-st-title\" >\n\t\t\t<span>Doble garantia<\/span>\n\t\t<\/h2>\n\t\t<\/div>[vc_empty_space height=&#8221;12px&#8221;][vc_column_text]Els pianos que s&#8217;adquireixen a \n<span class=\"eltdf-highlight\" style=\"color: #fff;background-color: #996\">\n\tCORRALES PIANOS<\/span> gaudeixen de la garantia que la mateixa marca ofereix. Addicionalment, nosaltres, en donem una altra per escrit, que es prolonga fins als 5 anys d&#8217;haver adquirit el piano.[\/vc_column_text][vc_empty_space height=&#8221;12px&#8221;][vc_column_text]Aix\u00f2 \u00e9s possible perqu\u00e8 pr\u00e8viament, a la botiga, destinem el temps necessari per fer tots els controls, ajustaments mec\u00e0nics i de so necessaris per poder garantir el bon funcionament i el m\u00e0xim aprofitament de l&#8217;instrument.[\/vc_column_text][vc_empty_space height=&#8221;12px&#8221;][vc_column_text]El nostre servei arriba a Andorra, Espanya, Catalunya, Barcelona, \u200b\u200bLleida, Girona i Tarragona.[\/vc_column_text][\/vc_column_inner][\/vc_row_inner][\/vc_column][\/vc_row][vc_row row_type=&#8221;parallax&#8221; full_screen_section_height=&#8221;no&#8221; parallax_section_height=&#8221;400&#8243; parallax_background_image=&#8221;9033&#8243; css=&#8221;.vc_custom_1693005998653{padding-top: 0px !important;padding-bottom: 0px !important;}&#8221; el_class=&#8221;eltdf-parallax-holder-cover&#8221;][vc_column][vc_widget_sidebar sidebar_id=&#8221;banner-corrales-4-generaciones&#8221;][\/vc_column][\/vc_row]","protected":false},"excerpt":{"rendered":"[vc_row row_content_width=&#8221;grid&#8221; css=&#8221;.vc_custom_1693005963791{padding-top: 76px !important;padding-bottom: 50px !important;}&#8221;][vc_column][vc_empty_space height=&#8221;12px&#8221;][vc_column_text]Per la compra d&#8217;un piano, incloem els obsequis seg\u00fcents:[\/vc_column_text][vc_empty_space height=&#8221;24px&#8221;][\/vc_column][\/vc_row][vc_row css=&#8221;.vc_custom_1691685528943{background-color: #e8e8c3 !important;}&#8221;][vc_column css=&#8221;.vc_custom_1691685603563{padding-top: 0px !important;padding-bottom: 0px !important;}&#8221;][\/vc_column][\/vc_row][vc_row css=&#8221;.vc_custom_1691711286121{background-image: url(https:\/\/www.corralespianos.com\/ca\/wp-content\/uploads\/sites\/4\/2023\/08\/mapa-europa-vector-lineas.jpg?id=9041) !important;background-position: center !important;background-repeat: no-repeat !important;background-size: cover !important;}&#8221;][vc_column][vc_row_inner row_content_width=&#8221;grid&#8221; content_text_aligment=&#8221;left&#8221; css=&#8221;.vc_custom_1693005981335{padding-top: 32px !important;padding-bottom: 100px !important;}&#8221;][vc_column_inner][vc_empty_space height=&#8221;12px&#8221;][vc_column_text]Els pianos que s&#8217;adquireixen [&hellip;]","protected":false},"author":1,"featured_media":0,"parent":0,"menu_order":0,"comment_status":"closed","ping_status":"closed","template":"full-width.php","meta":{"footnotes":""},"class_list":["post-9014","page","type-page","status-publish","hentry"],"aioseo_notices":[],"_links":{"self":[{"href":"https:\/\/www.corralespianos.com\/ca\/wp-json\/wp\/v2\/pages\/9014"}],"collection":[{"href":"https:\/\/www.corralespianos.com\/ca\/wp-json\/wp\/v2\/pages"}],"about":[{"href":"https:\/\/www.corralespianos.com\/ca\/wp-json\/wp\/v2\/types\/page"}],"author":[{"embeddable":true,"href":"https:\/\/www.corralespianos.com\/ca\/wp-json\/wp\/v2\/users\/1"}],"replies":[{"embeddable":true,"href":"https:\/\/www.corralespianos.com\/ca\/wp-json\/wp\/v2\/comments?post=9014"}],"version-history":[{"count":30,"href":"https:\/\/www.corralespianos.com\/ca\/wp-json\/wp\/v2\/pages\/9014\/revisions"}],"predecessor-version":[{"id":9710,"href":"https:\/\/www.corralespianos.com\/ca\/wp-json\/wp\/v2\/pages\/9014\/revisions\/9710"}],"wp:attachment":[{"href":"https:\/\/www.corralespianos.com\/ca\/wp-json\/wp\/v2\/media?parent=9014"}],"curies":[{"name":"wp","href":"https:\/\/api.w.org\/{rel}","templated":true}]}}