{"id":9065,"date":"2023-08-11T21:44:40","date_gmt":"2023-08-11T21:44:40","guid":{"rendered":"https:\/\/www.corralespianos.com\/ca\/condiciones-de-compra-copia\/"},"modified":"2023-08-31T15:07:51","modified_gmt":"2023-08-31T15:07:51","slug":"lloguer-per-a-concerts","status":"publish","type":"page","link":"https:\/\/www.corralespianos.com\/ca\/lloguer-per-a-concerts\/","title":{"rendered":"Lloguer per a concerts"},"content":{"rendered":"[vc_row row_content_width=&#8221;grid&#8221; css=&#8221;.vc_custom_1693004691701{padding-top: 76px !important;padding-bottom: 50px !important;}&#8221;][vc_column]<div class=\"eltdf-section-title-holder\" style=\"text-align: left\">\n\t\t\t<h2 class=\"eltdf-st-title\" >\n\t\t\t<span>Pianos de lloguer per a concerts<\/span>\n\t\t<\/h2>\n\t\t<\/div>[vc_empty_space height=&#8221;12px&#8221;][vc_column_text]Si esteu interessats en llogar un piano per a un concert o esdeveniment, podeu contactar per correu o telef\u00f2nicament i indicar-nos les seg\u00fcents informaci\u00f3:[\/vc_column_text][vc_empty_space height=&#8221;24px&#8221;]<div class=\"eltdf-icon-list-holder\" >\n\t<div class=\"eltdf-il-icon-holder\">\n\t\t<i class=\"eltdf-icon-font-awesome fa fa-calendar \" style=\"color: #999966;font-size: 18px\" ><\/i>\t<\/div>\n\t<p class=\"eltdf-il-text\" style=\"font-size: 18px;padding-left: 26px\"> Dia i horari de lliurament.<\/p>\n<\/div><div class=\"eltdf-icon-list-holder\" >\n\t<div class=\"eltdf-il-icon-holder\">\n\t\t<i class=\"eltdf-icon-font-awesome fa fa-location-arrow \" style=\"color: #999966;font-size: 18px\" ><\/i>\t<\/div>\n\t<p class=\"eltdf-il-text\" style=\"font-size: 18px;padding-left: 26px\"> Ubicaci\u00f3 de l&#039;esdeveniment (poblaci\u00f3, carrer, n\u00famero).<\/p>\n<\/div><div class=\"eltdf-icon-list-holder\" >\n\t<div class=\"eltdf-il-icon-holder\">\n\t\t<i class=\"eltdf-icon-font-awesome fa fa-universal-access \" style=\"color: #999966;font-size: 18px\" ><\/i>\t<\/div>\n\t<p class=\"eltdf-il-text\" style=\"font-size: 18px;padding-left: 26px\"> Empla\u00e7ament del piano (trams d&#039;escales, n\u00famero de pisos, escenari amb acc\u00e9s des de platea, moll de c\u00e0rrega...).<\/p>\n<\/div><div class=\"eltdf-icon-list-holder\" >\n\t<div class=\"eltdf-il-icon-holder\">\n\t\t<i class=\"eltdf-icon-font-awesome fa fa-truck \" style=\"color: #999966;font-size: 18px\" ><\/i>\t<\/div>\n\t<p class=\"eltdf-il-text\" style=\"font-size: 18px;padding-left: 26px\"> Dia i hora de recollida.<\/p>\n<\/div>[vc_empty_space height=&#8221;24px&#8221;][vc_column_text]Tota la informaci\u00f3 que creieu rellevant ens ser\u00e0 d&#8217;ajuda i podrem ajustar m\u00e9s.[\/vc_column_text][\/vc_column][\/vc_row][vc_row css=&#8221;.vc_custom_1691685528943{background-color: #e8e8c3 !important;}&#8221;][vc_column css=&#8221;.vc_custom_1691685603563{padding-top: 0px !important;padding-bottom: 0px !important;}&#8221;]<div class=\"eltdf-elements-holder eltdf-responsive-mode-768 eltdf-one-column-alignment-left\" ><div class=\"eltdf-elements-holder-item eltdf-width-1-2 eltdf-vertical-alignment-middle eltdf-horizontal-alignment-left\" data-item-class=\"eltdf-elements-holder-custom-499537\" data-1280-1440=\"50px 10% 50px 33%\" data-1024-1280=\"50px 10% 50px 20%\" data-768-1024=\"50px 10%\" data-600-768=\"50px 7%\" data-480-600=\"50px 15%\" data-480=\"50px 10%\" >\n        <div class=\"eltdf-elements-holder-item-inner\">\n        <div class=\"eltdf-elements-holder-item-content eltdf-elements-holder-custom-499537\" style=\"padding: 50px 10% 50px 33%\">\n            <div class=\"eltdf-elements-holder-item-content-inner\">\n                <div class=\"eltdf-section-title-holder\" style=\"text-align: left\">\n\t\t\t<h2 class=\"eltdf-st-title\" >\n\t\t\t<span>Models disponibles per llogar<\/span>\n\t\t<\/h2>\n\t\t<\/div>[vc_empty_space height=&#8221;12px&#8221;][vc_column_text]Els lloguers en r\u00e8gim de llarga durada ens permeten aplicar preus m\u00e9s avantatjosos.[\/vc_column_text][vc_empty_space height=&#8221;24px&#8221;]<div class=\"eltdf-icon-list-holder\" >\n\t<div class=\"eltdf-il-icon-holder\">\n\t\t<i class=\"eltdf-icon-font-awesome fa fa-check-circle \" style=\"color: #999966;font-size: 18px\" ><\/i>\t<\/div>\n\t<p class=\"eltdf-il-text\" style=\"font-size: 18px;padding-left: 26px\"> Piano de \u00bc cua 161 cm de longitud YAMAHA C1.<\/p>\n<\/div><div class=\"eltdf-icon-list-holder\" >\n\t<div class=\"eltdf-il-icon-holder\">\n\t\t<i class=\"eltdf-icon-font-awesome fa fa-check-circle \" style=\"color: #999966;font-size: 18px\" ><\/i>\t<\/div>\n\t<p class=\"eltdf-il-text\" style=\"font-size: 18px;padding-left: 26px\"> Piano de \u00be cua 227 cm de longitud YAMAHA C7.<\/p>\n<\/div><div class=\"eltdf-icon-list-holder\" >\n\t<div class=\"eltdf-il-icon-holder\">\n\t\t<i class=\"eltdf-icon-font-awesome fa fa-check-circle \" style=\"color: #999966;font-size: 18px\" ><\/i>\t<\/div>\n\t<p class=\"eltdf-il-text\" style=\"font-size: 18px;padding-left: 26px\"> Piano de \u00be cua 227 cm de longitud YAMAHA S7X.<\/p>\n<\/div><div class=\"eltdf-icon-list-holder\" >\n\t<div class=\"eltdf-il-icon-holder\">\n\t\t<i class=\"eltdf-icon-font-awesome fa fa-check-circle \" style=\"color: #999966;font-size: 18px\" ><\/i>\t<\/div>\n\t<p class=\"eltdf-il-text\" style=\"font-size: 18px;padding-left: 26px\"> Piano de gran cua 272 cm de longitud YAMAHA CFX (nova versi\u00f3 2023) de concert.<\/p>\n<\/div><div class=\"eltdf-icon-list-holder\" >\n\t<div class=\"eltdf-il-icon-holder\">\n\t\t<i class=\"eltdf-icon-font-awesome fa fa-check-circle \" style=\"color: #999966;font-size: 18px\" ><\/i>\t<\/div>\n\t<p class=\"eltdf-il-text\" style=\"font-size: 18px;padding-left: 26px\"> Piano de gran cua 280 cm de longitud BOSENDORFER 280VC de concert.<\/p>\n<\/div>[vc_empty_space height=&#8221;24px&#8221;]<a itemprop=\"url\" href=\"\/ca\/formulari-de-contacto\/\" target=\"_self\" style=\"color: #ffffff;background-color: #999966;border-color: #999966\" class=\"eltdf-btn eltdf-btn-medium eltdf-btn-solid eltdf-btn-custom-hover-bg eltdf-btn-custom-border-hover eltdf-btn-custom-hover-color\" data-hover-color=\"#999966\" data-hover-bg-color=\"#ffffff\" data-hover-border-color=\"#999966\" >\n    <span class=\"eltdf-btn-text\">Consultar preu i disponibilitat<\/span>\n    <\/a>            <\/div>\n        <\/div>\n    <\/div>\n    <\/div><div class=\"eltdf-elements-holder-item eltdf-width-1-2 eltdf-vertical-alignment-middle eltdf-horizontal-alignment-left\" data-item-class=\"eltdf-elements-holder-custom-258812\" style=\"background-image: url(https:\/\/www.corralespianos.com\/ca\/wp-content\/uploads\/sites\/4\/2023\/08\/piano-bosendorfer-alquiler-conciertos.jpg)\">\n        <div class=\"eltdf-elements-holder-item-inner\">\n        <div class=\"eltdf-elements-holder-item-content eltdf-elements-holder-custom-258812\" >\n            <div class=\"eltdf-elements-holder-item-content-inner\">\n                            <\/div>\n        <\/div>\n    <\/div>\n    <\/div><\/div>[\/vc_column][\/vc_row][vc_row row_content_width=&#8221;grid&#8221; css=&#8221;.vc_custom_1693004718988{padding-bottom: 50px !important;background-position: center !important;background-repeat: no-repeat !important;background-size: cover !important;}&#8221;][vc_column][vc_row_inner row_content_width=&#8221;grid&#8221; content_text_aligment=&#8221;left&#8221; css=&#8221;.vc_custom_1691793757376{padding-top: 32px !important;padding-bottom: 76px !important;}&#8221;][vc_column_inner]<div class=\"eltdf-section-title-holder\" style=\"text-align: left\">\n\t\t\t<h2 class=\"eltdf-st-title\" >\n\t\t\t<span>Patrocini de concerts. Subvencions pel lloguer<\/span>\n\t\t<\/h2>\n\t\t<\/div>[\/vc_column_inner][\/vc_row_inner][vc_row_inner row_content_width=&#8221;grid&#8221; content_text_aligment=&#8221;center&#8221;][vc_column_inner][vc_single_image image=&#8221;2752&#8243; img_size=&#8221;full&#8221;][\/vc_column_inner][\/vc_row_inner][vc_row_inner row_content_width=&#8221;grid&#8221; content_text_aligment=&#8221;left&#8221; css=&#8221;.vc_custom_1691794786524{padding-top: 32px !important;}&#8221;][vc_column_inner][vc_column_text]Quan s&#8217;organitza un concert l&#8217;elecci\u00f3 d&#8217;un piano que estigui a l&#8217;al\u00e7ada del pianista \u00e9s clau, per\u00f2 sovint \u00e9s dif\u00edcil tenir un piano adequat i en bon estat.[\/vc_column_text][vc_empty_space height=&#8221;12px&#8221;][vc_column_text]Amb un pressupost sempre ajustat, el lloguer del piano suposa una partida important del \u00abrider\u00bb.[\/vc_column_text][vc_empty_space height=&#8221;12px&#8221;][vc_column_text]Per aix\u00f2 anunciem que YAMAHA entra a escena patrocinant concerts a trav\u00e9s de les subvencions que ofereix perqu\u00e8 sobre als escenaris els artistes puguin comptar amb el CFX (nova versi\u00f3 2023), el mejor piano de tots els temps fabricat por YAMAHA, a un preu molt assequible:[\/vc_column_text][\/vc_column_inner][\/vc_row_inner][\/vc_column][\/vc_row][vc_row row_content_width=&#8221;grid&#8221; css=&#8221;.vc_custom_1693004737870{padding-bottom: 50px !important;}&#8221;][vc_column][vc_row_inner row_content_width=&#8221;grid&#8221;][vc_column_inner width=&#8221;1\/6&#8243;][\/vc_column_inner][vc_column_inner width=&#8221;2\/3&#8243;]<div class=\"eltdf-message-box-holder eltdf-mb-with-icon\" style=\"background-color: #e8e8c3;border-style: solid;border-color:#999966\">\n\t<div class=\"eltdf-mb-inner\">\n\t\t\t\t\t<div class=\"eltdf-mb-icon\"><i class=\"eltdf-icon-font-awesome fa fa-exclamation \" ><\/i><\/div>\n\t\t\t\t<div class=\"eltdf-mb-text\">\n\t\t\t\r\n<p style=\"text-align: center;\">Subvenci\u00f3 de fins el <strong>50% del cost del lloguer<\/strong> d&#8217;un piano YAMAHA CFX.<\/p>\r\n\t\t<\/div>\n\t\t<a href=\"#\" class=\"eltdf-mb-close\" ><i class=\"icon_close\"><\/i><\/a>\n\t<\/div>\n<\/div>[\/vc_column_inner][vc_column_inner width=&#8221;1\/6&#8243;][\/vc_column_inner][\/vc_row_inner][\/vc_column][\/vc_row][vc_row css=&#8221;.vc_custom_1693004761878{padding-top: 0px !important;padding-bottom: 0px !important;background-color: #f7f5f5 !important;}&#8221;][vc_column css=&#8221;.vc_custom_1691794493197{padding-top: 0px !important;padding-bottom: 0px !important;}&#8221;][vc_row_inner row_content_width=&#8221;grid&#8221;][vc_column_inner width=&#8221;1\/2&#8243; css=&#8221;.vc_custom_1691794569583{padding-top: 35px !important;padding-bottom: 35px !important;}&#8221;]<div class=\"eltdf-section-title-holder\" style=\"text-align: left\">\n\t\t\t<h3 class=\"eltdf-st-title\" >\n\t\t\t<span>COM FUNCIONA?<\/span>\n\t\t<\/h3>\n\t\t<\/div>[vc_empty_space height=&#8221;12px&#8221;][vc_column_text]\n<span class=\"eltdf-dropcaps eltdf-circle\" style=\"color: #fff;background-color: #996\">\n\t1<\/span> Sol\u00b7licita&#8217;ns pressupost.[\/vc_column_text][vc_empty_space height=&#8221;18px&#8221;][vc_column_text]\n<span class=\"eltdf-dropcaps eltdf-circle\" style=\"color: #fff;background-color: #996\">\n\t2<\/span> Detalla&#8217;ns al m\u00e0xim l&#8217;esdeveniment per al que sol\u00b7licites el CFX.[\/vc_column_text][vc_empty_space height=&#8221;18px&#8221;][vc_column_text]\n<span class=\"eltdf-dropcaps eltdf-circle\" style=\"color: #fff;background-color: #996\">\n\t3<\/span> YAMAHA avaluar\u00e0 la sol\u00b7licitud. En cas d&#8217;aprovaci\u00f3 us comunicarem el m\u00e9s aviat possible la proposta de patrocini.[\/vc_column_text][vc_empty_space height=&#8221;18px&#8221;][vc_column_text]\n<span class=\"eltdf-dropcaps eltdf-circle\" style=\"color: #fff;background-color: #996\">\n\t4<\/span> Que artista i p\u00fablic gaudeixin del piano. Nosaltres et facturem nom\u00e9s la part acordada, la resta ho pagar\u00e0 YAMAHA.[\/vc_column_text][\/vc_column_inner][vc_column_inner width=&#8221;1\/2&#8243; css=&#8221;.vc_custom_1691794679532{margin-top: 35px !important;margin-bottom: 35px !important;padding-top: 35px !important;padding-bottom: 35px !important;background-color: #e8e8c3 !important;}&#8221;][vc_masonry_media_grid element_width=&#8221;6&#8243; grid_id=&#8221;vc_gid:1693004831701-dd4757b2-dd23-4&#8243; include=&#8221;718,719&#8243;][\/vc_column_inner][\/vc_row_inner][\/vc_column][\/vc_row][vc_row row_type=&#8221;parallax&#8221; full_screen_section_height=&#8221;no&#8221; parallax_section_height=&#8221;400&#8243; parallax_background_image=&#8221;9033&#8243; css=&#8221;.vc_custom_1691709931403{padding-top: 0px !important;padding-bottom: 0px !important;}&#8221; el_class=&#8221;eltdf-parallax-holder-cover&#8221;][vc_column][vc_widget_sidebar sidebar_id=&#8221;banner-corrales-4-generaciones&#8221;][\/vc_column][\/vc_row]","protected":false},"excerpt":{"rendered":"[vc_row row_content_width=&#8221;grid&#8221; css=&#8221;.vc_custom_1693004691701{padding-top: 76px !important;padding-bottom: 50px !important;}&#8221;][vc_column][vc_empty_space height=&#8221;12px&#8221;][vc_column_text]Si esteu interessats en llogar un piano per a un concert o esdeveniment, podeu contactar per correu o telef\u00f2nicament i indicar-nos les seg\u00fcents informaci\u00f3:[\/vc_column_text][vc_empty_space height=&#8221;24px&#8221;][vc_empty_space height=&#8221;24px&#8221;][vc_column_text]Tota la informaci\u00f3 que creieu rellevant ens ser\u00e0 d&#8217;ajuda i podrem ajustar m\u00e9s.[\/vc_column_text][\/vc_column][\/vc_row][vc_row [&hellip;]","protected":false},"author":1,"featured_media":8951,"parent":0,"menu_order":0,"comment_status":"closed","ping_status":"closed","template":"full-width.php","meta":{"footnotes":""},"class_list":["post-9065","page","type-page","status-publish","has-post-thumbnail","hentry"],"aioseo_notices":[],"_links":{"self":[{"href":"https:\/\/www.corralespianos.com\/ca\/wp-json\/wp\/v2\/pages\/9065"}],"collection":[{"href":"https:\/\/www.corralespianos.com\/ca\/wp-json\/wp\/v2\/pages"}],"about":[{"href":"https:\/\/www.corralespianos.com\/ca\/wp-json\/wp\/v2\/types\/page"}],"author":[{"embeddable":true,"href":"https:\/\/www.corralespianos.com\/ca\/wp-json\/wp\/v2\/users\/1"}],"replies":[{"embeddable":true,"href":"https:\/\/www.corralespianos.com\/ca\/wp-json\/wp\/v2\/comments?post=9065"}],"version-history":[{"count":17,"href":"https:\/\/www.corralespianos.com\/ca\/wp-json\/wp\/v2\/pages\/9065\/revisions"}],"predecessor-version":[{"id":9701,"href":"https:\/\/www.corralespianos.com\/ca\/wp-json\/wp\/v2\/pages\/9065\/revisions\/9701"}],"wp:featuredmedia":[{"embeddable":true,"href":"https:\/\/www.corralespianos.com\/ca\/wp-json\/wp\/v2\/media\/8951"}],"wp:attachment":[{"href":"https:\/\/www.corralespianos.com\/ca\/wp-json\/wp\/v2\/media?parent=9065"}],"curies":[{"name":"wp","href":"https:\/\/api.w.org\/{rel}","templated":true}]}}