{"id":9319,"date":"2023-08-17T11:18:53","date_gmt":"2023-08-17T11:18:53","guid":{"rendered":"https:\/\/www.corralespianos.com\/ca\/sistema-disklavier-de-yamaha-copia\/"},"modified":"2023-08-31T20:24:23","modified_gmt":"2023-08-31T20:24:23","slug":"sistema-silent-piano-yamaha","status":"publish","type":"page","link":"https:\/\/www.corralespianos.com\/ca\/sistema-silent-piano-yamaha\/","title":{"rendered":"Sistema SILENT Piano&#x2122; de YAMAHA"},"content":{"rendered":"[vc_row row_content_width=&#8221;grid&#8221; css=&#8221;.vc_custom_1692295791059{padding-top: 76px !important;padding-bottom: 32px !important;}&#8221;][vc_column css=&#8221;.vc_custom_1692295796359{padding-top: 0px !important;}&#8221;]<div class=\"eltdf-section-title-holder\" style=\"text-align: left\">\n\t\t\t<h2 class=\"eltdf-st-title\" style=\"color: #999966\">\n\t\t\t<span>Un piano ac\u00fastic que s&#039;adapta al teu estil de vida gr\u00e0cies a les seves opcions de manera silenciosa<\/span>\n\t\t<\/h2>\n\t\t<\/div>[vc_empty_space height=&#8221;24px&#8221;][vc_column_text]Els SILENT s\u00f3n aut\u00e8ntics pianos ac\u00fastics equipats amb la tecnologia m\u00e9s avan\u00e7ada de silenciament de YAMAHA. Permet als instruments tocar amb veritable so de piano ac\u00fastic en circumst\u00e0ncies normals, o posar-se els auriculars i tocar en mode SILENT per evitar molestar els altres, el sistema SILENT fa que qualsevol moment sigui un bon moment per seure al piano.[\/vc_column_text][vc_empty_space height=&#8221;4px&#8221;][vc_column_text]Quan el piano es toca en mode SILENCI\u00d3S, els martells s&#8217;aturen immediatament abans de tocar les cordes, perqu\u00e8 el piano no genera cap so. Els sensors instal\u00b7lats sota les tecles desxifren com es toquen les tecles i transmeten les dades al generador de tons digital, on genera sons mostrejats que es poden escoltar a trav\u00e9s d&#8217;un parell d&#8217;auriculars.[\/vc_column_text][vc_empty_space height=&#8221;4px&#8221;][vc_column_text]El sistema SILENT Piano&#x2122; consta de diverses tecnologies que ho fan \u00fanic i insuperable. Els pianos disponibles amb sistema SILENT tenen un preu superior al model b\u00e0sic. Cal recordar que el SILENT Piano&#x2122; no \u00e9s possible instal\u00b7lar-lo amb posterioritat, encara que disposi d&#8217;un piano de la marca YAMAHA, \u00e9s a dir, que nom\u00e9s es poden adquirir amb la instal\u00b7laci\u00f3 de f\u00e0brica.[\/vc_column_text][\/vc_column][\/vc_row][vc_row row_content_width=&#8221;grid&#8221; css=&#8221;.vc_custom_1692295227508{padding-top: 32px !important;padding-bottom: 50px !important;}&#8221;][vc_column width=&#8221;2\/3&#8243;]<div class=\"eltdf-accordion-holder clearfix eltdf-ac-default eltdf-accordion eltdf-ac-boxed\">\n\t<h3 class=\"eltdf-title-holder\">\n    <span class=\"eltdf-accordion-mark\">\n\t\t<span class=\"eltdf_icon_plus icon_plus\"><\/span>\n\t\t<span class=\"eltdf_icon_minus icon_minus-06\"><\/span>\n\t<\/span>\n\t<span class=\"eltdf-tab-title\">Articulation Sensor System<\/span>\n<\/h3>\n<div class=\"eltdf-accordion-content\">\n\t<div class=\"eltdf-accordion-content-inner\">\n\t\t[vc_row_inner][vc_column_inner width=&#8221;1\/2&#8243;][vc_single_image image=&#8221;9373&#8243; img_size=&#8221;full&#8221;][\/vc_column_inner][vc_column_inner width=&#8221;1\/2&#8243;][vc_column_text]El nou sistema de sensors\u00a0\n<span class=\"eltdf-highlight\" style=\"color: #fff;background-color: #996\">\n\t&#8220;Articulation Sensor System&#8221;<\/span> de YAMAHA interpreta amb precisi\u00f3 com els pianos reals responen als moviments dels dits dels pianistes, quan transmeten l&#8217;energia de la seva interpretaci\u00f3 a trav\u00e9s de les tecles i de l&#8217;acci\u00f3 mec\u00e0nica, desembocant finalment al moviment els martells que percudiran les cordes.[\/vc_column_text][\/vc_column_inner][\/vc_row_inner]\t<\/div>\n<\/div><h3 class=\"eltdf-title-holder\">\n    <span class=\"eltdf-accordion-mark\">\n\t\t<span class=\"eltdf_icon_plus icon_plus\"><\/span>\n\t\t<span class=\"eltdf_icon_minus icon_minus-06\"><\/span>\n\t<\/span>\n\t<span class=\"eltdf-tab-title\">Grand Expression Modeling<\/span>\n<\/h3>\n<div class=\"eltdf-accordion-content\">\n\t<div class=\"eltdf-accordion-content-inner\">\n\t\t[vc_row_inner][vc_column_inner][vc_column_text]\n<span class=\"eltdf-highlight\" style=\"color: #fff;background-color: #996\">\n\t&#8220;Grand Expression Modeling&#8221;<\/span> \u00e9s una nova caracter\u00edstica que reprodueix fidelment la variaci\u00f3 tonal originada amb el funcionament intern del piano. Aquesta caracter\u00edstica detecta la for\u00e7a i l&#8217;acceleraci\u00f3 de les pulsacions de la tecla i canvia el so que sentim en conseq\u00fc\u00e8ncia en temps real, proporcionant al pianista la possibilitat d&#8217;explorar matisos tonals subtils.[\/vc_column_text][vc_single_image image=&#8221;9379&#8243; img_size=&#8221;full&#8221;][\/vc_column_inner][\/vc_row_inner]\t<\/div>\n<\/div><h3 class=\"eltdf-title-holder\">\n    <span class=\"eltdf-accordion-mark\">\n\t\t<span class=\"eltdf_icon_plus icon_plus\"><\/span>\n\t\t<span class=\"eltdf_icon_minus icon_minus-06\"><\/span>\n\t<\/span>\n\t<span class=\"eltdf-tab-title\">Virtual Resonance Modeling<\/span>\n<\/h3>\n<div class=\"eltdf-accordion-content\">\n\t<div class=\"eltdf-accordion-content-inner\">\n\t\t[vc_row_inner][vc_column_inner width=&#8221;1\/2&#8243;][vc_single_image image=&#8221;9369&#8243; img_size=&#8221;full&#8221;][\/vc_column_inner][vc_column_inner width=&#8221;1\/2&#8243;][vc_column_text]Un dels grans atractius del piano de cua \u00e9s el ress\u00f2 simp\u00e0tic creat per la vibraci\u00f3 de tot l&#8217;instrument. La tecnologia de\u00a0\n<span class=\"eltdf-highlight\" style=\"color: #fff;background-color: #996\">\n\t\u201cVirtual Resonance Modeling\u201d<\/span> m\u00e9s avan\u00e7ada de YAMAHA reprodueix de forma elaborada aquest ric ress\u00f2 simp\u00e0tic[\/vc_column_text][\/vc_column_inner][\/vc_row_inner]\t<\/div>\n<\/div><h3 class=\"eltdf-title-holder\">\n    <span class=\"eltdf-accordion-mark\">\n\t\t<span class=\"eltdf_icon_plus icon_plus\"><\/span>\n\t\t<span class=\"eltdf_icon_minus icon_minus-06\"><\/span>\n\t<\/span>\n\t<span class=\"eltdf-tab-title\">Binaural Sampling<\/span>\n<\/h3>\n<div class=\"eltdf-accordion-content\">\n\t<div class=\"eltdf-accordion-content-inner\">\n\t\t[vc_row_inner][vc_column_inner width=&#8221;1\/2&#8243;][vc_single_image image=&#8221;9374&#8243; img_size=&#8221;full&#8221;][\/vc_column_inner][vc_column_inner width=&#8221;1\/2&#8243;][vc_column_text]El mostreig binaural crea l&#8217;ambient i el ress\u00f2 natural complet dels pianos ac\u00fastics quan l&#8217;instrument est\u00e0 en mode silenci\u00f3s, fent que els pianistes se sentin com si estiguessin asseguts davant d&#8217;un piano de cua.[\/vc_column_text][\/vc_column_inner][\/vc_row_inner]\t<\/div>\n<\/div><h3 class=\"eltdf-title-holder\">\n    <span class=\"eltdf-accordion-mark\">\n\t\t<span class=\"eltdf_icon_plus icon_plus\"><\/span>\n\t\t<span class=\"eltdf_icon_minus icon_minus-06\"><\/span>\n\t<\/span>\n\t<span class=\"eltdf-tab-title\">Quick Escape System<\/span>\n<\/h3>\n<div class=\"eltdf-accordion-content\">\n\t<div class=\"eltdf-accordion-content-inner\">\n\t\t[vc_row_inner][vc_column_inner width=&#8221;1\/2&#8243;][vc_single_image image=&#8221;9372&#8243; img_size=&#8221;full&#8221;][\/vc_column_inner][vc_column_inner width=&#8221;1\/2&#8243;][vc_column_text]Cada model de piano de cua TA3, SH3 i SC3 est\u00e0 equipat amb el sistema \n<span class=\"eltdf-highlight\" style=\"color: #fff;background-color: #996\">\n\t&#8220;Quick Escape&#8221;<\/span> de YAMAHA per preservar plenament la facilitat d&#8217;execuci\u00f3 excel\u00b7lent i l&#8217;expressivitat musical que s&#8217;exigeixen als pianos de cua, fins i tot quan es toca en mode TransAcoustic&#x2122; o SILENT Piano&#x2122;.[\/vc_column_text][\/vc_column_inner][\/vc_row_inner]\t<\/div>\n<\/div><h3 class=\"eltdf-title-holder\">\n    <span class=\"eltdf-accordion-mark\">\n\t\t<span class=\"eltdf_icon_plus icon_plus\"><\/span>\n\t\t<span class=\"eltdf_icon_minus icon_minus-06\"><\/span>\n\t<\/span>\n\t<span class=\"eltdf-tab-title\">Dues funcions d&#039;enregistrament<\/span>\n<\/h3>\n<div class=\"eltdf-accordion-content\">\n\t<div class=\"eltdf-accordion-content-inner\">\n\t\t[vc_row_inner][vc_column_inner width=&#8221;1\/3&#8243;][vc_single_image image=&#8221;9370&#8243; img_size=&#8221;full&#8221;][\/vc_column_inner][vc_column_inner width=&#8221;2\/3&#8243;][vc_empty_space][vc_column_text]\n<span class=\"eltdf-dropcaps eltdf-circle\" style=\"color: #fff;background-color: #996\">\n\t1<\/span> Funci\u00f3 d&#8217;enregistrament integrat per comprovar immediatament despr\u00e9s de tocar nom\u00e9s prement un bot\u00f3.[\/vc_column_text][vc_empty_space][vc_column_text]\n<span class=\"eltdf-dropcaps eltdf-circle\" style=\"color: #fff;background-color: #996\">\n\t2<\/span> Enregistrament a la unitat flash USB de dades per a la reproducci\u00f3 a l&#8217;ordinador (format WAV)[\/vc_column_text][\/vc_column_inner][\/vc_row_inner]\t<\/div>\n<\/div><h3 class=\"eltdf-title-holder\">\n    <span class=\"eltdf-accordion-mark\">\n\t\t<span class=\"eltdf_icon_plus icon_plus\"><\/span>\n\t\t<span class=\"eltdf_icon_minus icon_minus-06\"><\/span>\n\t<\/span>\n\t<span class=\"eltdf-tab-title\">So de concert, YAMAHA CFX i B\u00f6sendorfer IMPERIAL<\/span>\n<\/h3>\n<div class=\"eltdf-accordion-content\">\n\t<div class=\"eltdf-accordion-content-inner\">\n\t\t[vc_row_inner][vc_column_inner width=&#8221;1\/2&#8243;][vc_single_image image=&#8221;9368&#8243; img_size=&#8221;full&#8221;][\/vc_column_inner][vc_column_inner width=&#8221;1\/2&#8243;][vc_column_text]Dues noves mostres de sons de pianos de cua de concert de \n<span class=\"eltdf-highlight\" style=\"color: #fff;background-color: #996\">\n\tYAMAHA CFX<\/span> y \n<span class=\"eltdf-highlight\" style=\"color: #fff;background-color: #996\">\n\tB\u00f6sendorfer Imperial<\/span>, tots dos molt populars a les sales de concerts de tot el m\u00f3n. A aquests dos pianos de cua de concert de renom mundial se&#8217;ls uneix una llarga llista d&#8217;altres veus, incloent Fortepiano Cl\u00e0ssic, Piano El\u00e8ctric, Clavic\u00e8mbal i \u00d2rgan.[\/vc_column_text][\/vc_column_inner][\/vc_row_inner]\t<\/div>\n<\/div><h3 class=\"eltdf-title-holder\">\n    <span class=\"eltdf-accordion-mark\">\n\t\t<span class=\"eltdf_icon_plus icon_plus\"><\/span>\n\t\t<span class=\"eltdf_icon_minus icon_minus-06\"><\/span>\n\t<\/span>\n\t<span class=\"eltdf-tab-title\">Descarrega l&#039;app Smart Pianist<\/span>\n<\/h3>\n<div class=\"eltdf-accordion-content\">\n\t<div class=\"eltdf-accordion-content-inner\">\n\t\t[vc_row_inner][vc_column_inner width=&#8221;1\/3&#8243;][vc_single_image image=&#8221;9375&#8243; img_size=&#8221;full&#8221;][\/vc_column_inner][vc_column_inner width=&#8221;2\/3&#8243;][vc_empty_space][vc_column_text]SILENT Piano&#x2122; est\u00e0 equipat amb Bluetooth\u00ae MIDI. Descarrega l&#8217;aplicaci\u00f3 \n<span class=\"eltdf-highlight\" style=\"color: #fff;background-color: #996\">\n\t&#8220;Smart Pianist&#8221;<\/span> al dispositiu i connecta&#8217;t sense necessitat de cables al teu piano TransAcoustic&#x2122; per gaudir del control simple i intu\u00eftiu de les possibilitats de l&#8217;instrument.[\/vc_column_text][\/vc_column_inner][\/vc_row_inner]\t<\/div>\n<\/div><\/div>[\/vc_column][vc_column width=&#8221;1\/3&#8243;][vc_single_image image=&#8221;9327&#8243; img_size=&#8221;full&#8221;][\/vc_column][\/vc_row][vc_row css=&#8221;.vc_custom_1691830830961{background-position: center !important;background-repeat: no-repeat !important;background-size: cover !important;}&#8221;][vc_column css=&#8221;.vc_custom_1691433855377{padding-top: 0px !important;}&#8221;][vc_widget_sidebar sidebar_id=&#8221;banner-servicio-tecnico-exclusivo&#8221;][\/vc_column][\/vc_row][vc_row][vc_column css=&#8221;.vc_custom_1691434002130{padding-top: 0px !important;}&#8221;][vc_widget_sidebar sidebar_id=&#8221;marcas-carrousel&#8221;][\/vc_column][\/vc_row]","protected":false},"excerpt":{"rendered":"[vc_row row_content_width=&#8221;grid&#8221; css=&#8221;.vc_custom_1692295791059{padding-top: 76px !important;padding-bottom: 32px !important;}&#8221;][vc_column css=&#8221;.vc_custom_1692295796359{padding-top: 0px !important;}&#8221;][vc_empty_space height=&#8221;24px&#8221;][vc_column_text]Els SILENT s\u00f3n aut\u00e8ntics pianos ac\u00fastics equipats amb la tecnologia m\u00e9s avan\u00e7ada de silenciament de YAMAHA. Permet als instruments tocar amb veritable so de piano ac\u00fastic en circumst\u00e0ncies normals, o posar-se els auriculars i tocar [&hellip;]","protected":false},"author":1,"featured_media":0,"parent":0,"menu_order":0,"comment_status":"closed","ping_status":"closed","template":"full-width-narrow-header.php","meta":{"footnotes":""},"class_list":["post-9319","page","type-page","status-publish","hentry"],"aioseo_notices":[],"_links":{"self":[{"href":"https:\/\/www.corralespianos.com\/ca\/wp-json\/wp\/v2\/pages\/9319"}],"collection":[{"href":"https:\/\/www.corralespianos.com\/ca\/wp-json\/wp\/v2\/pages"}],"about":[{"href":"https:\/\/www.corralespianos.com\/ca\/wp-json\/wp\/v2\/types\/page"}],"author":[{"embeddable":true,"href":"https:\/\/www.corralespianos.com\/ca\/wp-json\/wp\/v2\/users\/1"}],"replies":[{"embeddable":true,"href":"https:\/\/www.corralespianos.com\/ca\/wp-json\/wp\/v2\/comments?post=9319"}],"version-history":[{"count":24,"href":"https:\/\/www.corralespianos.com\/ca\/wp-json\/wp\/v2\/pages\/9319\/revisions"}],"predecessor-version":[{"id":9734,"href":"https:\/\/www.corralespianos.com\/ca\/wp-json\/wp\/v2\/pages\/9319\/revisions\/9734"}],"wp:attachment":[{"href":"https:\/\/www.corralespianos.com\/ca\/wp-json\/wp\/v2\/media?parent=9319"}],"curies":[{"name":"wp","href":"https:\/\/api.w.org\/{rel}","templated":true}]}}