{"id":9381,"date":"2023-08-17T23:41:26","date_gmt":"2023-08-17T23:41:26","guid":{"rendered":"https:\/\/www.corralespianos.com\/ca\/consejos-cuidados-del-piano-copia\/"},"modified":"2023-08-31T20:32:25","modified_gmt":"2023-08-31T20:32:25","slug":"sistema-transacoustic-yamaha","status":"publish","type":"page","link":"https:\/\/www.corralespianos.com\/ca\/sistema-transacoustic-yamaha\/","title":{"rendered":"Sistema TransAcoustic&#x2122; de YAMAHA"},"content":{"rendered":"[vc_row row_content_width=&#8221;grid&#8221; css=&#8221;.vc_custom_1693262950619{padding-top: 76px !important;padding-bottom: 76px !important;}&#8221;][vc_column]<div class=\"eltdf-section-title-holder\" style=\"text-align: left\">\n\t\t\t<h2 class=\"eltdf-st-title\" style=\"color: #999966\">\n\t\t\t<span>Qu\u00e8 \u00e9s el piano TransAcoustic&#x2122;?<\/span>\n\t\t<\/h2>\n\t\t<\/div>[vc_empty_space height=&#8221;12px&#8221;][vc_column_text]Dins un piano ac\u00fastic, els martells colpegen les cordes i aquestes vibren per produir el so. Aquest so inicial \u00e9s amplificat per la taula harm\u00f2nica que ocupa gran part de l&#8217;interior del piano, i tot el cos del piano serveix com a ressonador, creant el so ric i harm\u00f2nicament complex d&#8217;un piano ac\u00fastic.[\/vc_column_text][vc_empty_space height=&#8221;4px&#8221;][vc_column_text]Ara imagina un piano ac\u00fastic que permeti controlar el volum, sense deixar de gaudir del disseny original de projecci\u00f3 de so del piano basat en la caixa de resson\u00e0ncia. Aix\u00f2 \u00e9s el revolucionari \n<span class=\"eltdf-highlight\" style=\"color: #fff;background-color: #996\">\n\tpiano TransAcoustic&#x2122; de YAMAHA<\/span>.[\/vc_column_text][\/vc_column][\/vc_row][vc_row css=&#8221;.vc_custom_1691685528943{background-color: #e8e8c3 !important;}&#8221;][vc_column css=&#8221;.vc_custom_1691685603563{padding-top: 0px !important;padding-bottom: 0px !important;}&#8221;]<div class=\"eltdf-elements-holder eltdf-responsive-mode-768 eltdf-one-column-alignment-left\" ><div class=\"eltdf-elements-holder-item eltdf-width-1-2 eltdf-vertical-alignment-middle eltdf-horizontal-alignment-left\" data-item-class=\"eltdf-elements-holder-custom-593037\" data-1280-1440=\"50px 10% 50px 33%\" data-1024-1280=\"50px 10% 50px 20%\" data-768-1024=\"50px 10%\" data-600-768=\"50px 7%\" data-480-600=\"50px 15%\" data-480=\"50px 10%\" >\n        <div class=\"eltdf-elements-holder-item-inner\">\n        <div class=\"eltdf-elements-holder-item-content eltdf-elements-holder-custom-593037\" style=\"padding: 50px 10% 50px 33%\">\n            <div class=\"eltdf-elements-holder-item-content-inner\">\n                <div class=\"eltdf-section-title-holder\" style=\"text-align: left\">\n\t\t\t<h2 class=\"eltdf-st-title\" >\n\t\t\t<span>Utilitza la taula harm\u00f2nica per fer ressonar el so en mode digital.<\/span>\n\t\t<\/h2>\n\t\t<\/div>[vc_empty_space height=&#8221;12px&#8221;][vc_column_text]Quan es premen les tecles en un piano ac\u00fastic, els macets colpegen les cordes que, al seu torn, vibren. Per\u00f2 en aquest moment, el so \u00e9s molt feble. Per tant, la vibraci\u00f3 de les cordes \u00e9s amplificada per la taula harm\u00f2nica que es troba al cor de l&#8217;instrument, i tot el cos del piano serveix com a ressonador, creant un so ric i sonor. La revolucion\u00e0ria tecnologia TransAcoustic&#x2122; de YAMAHA aprofita al m\u00e0xim el disseny i la construcci\u00f3 originals del piano basats en la caixa de resson\u00e0ncia.[\/vc_column_text][vc_empty_space]            <\/div>\n        <\/div>\n    <\/div>\n    <\/div><div class=\"eltdf-elements-holder-item eltdf-width-1-2 eltdf-vertical-alignment-middle eltdf-horizontal-alignment-left\" data-item-class=\"eltdf-elements-holder-custom-316584\" style=\"background-image: url(https:\/\/www.corralespianos.com\/ca\/wp-content\/uploads\/sites\/4\/2023\/08\/yamaha_transacoustic_tabla_armonica.jpg)\">\n        <div class=\"eltdf-elements-holder-item-inner\">\n        <div class=\"eltdf-elements-holder-item-content eltdf-elements-holder-custom-316584\" >\n            <div class=\"eltdf-elements-holder-item-content-inner\">\n                            <\/div>\n        <\/div>\n    <\/div>\n    <\/div><\/div>[\/vc_column][\/vc_row][vc_row][vc_column css=&#8221;.vc_custom_1691685603563{padding-top: 0px !important;padding-bottom: 0px !important;}&#8221;]<div class=\"eltdf-elements-holder eltdf-responsive-mode-768 eltdf-one-column-alignment-left\" ><div class=\"eltdf-elements-holder-item eltdf-width-1-2 eltdf-vertical-alignment-middle eltdf-horizontal-alignment-left\" data-item-class=\"eltdf-elements-holder-custom-356021\" style=\"background-image: url(https:\/\/www.corralespianos.com\/ca\/wp-content\/uploads\/sites\/4\/2023\/08\/yamaha_transacoustic_sonido_acustico.jpg)\">\n        <div class=\"eltdf-elements-holder-item-inner\">\n        <div class=\"eltdf-elements-holder-item-content eltdf-elements-holder-custom-356021\" >\n            <div class=\"eltdf-elements-holder-item-content-inner\">\n                            <\/div>\n        <\/div>\n    <\/div>\n    <\/div><div class=\"eltdf-elements-holder-item eltdf-width-1-2 eltdf-vertical-alignment-middle eltdf-horizontal-alignment-left\" data-item-class=\"eltdf-elements-holder-custom-977446\" data-1280-1440=\"50px 33% 50px 10%\" data-1024-1280=\"50px 20% 50px 10%\" data-768-1024=\"50px 10%\" data-600-768=\"50px 7%\" data-480-600=\"50px 15%\" data-480=\"50px 10%\" >\n        <div class=\"eltdf-elements-holder-item-inner\">\n        <div class=\"eltdf-elements-holder-item-content eltdf-elements-holder-custom-977446\" style=\"padding: 50px 33% 50px 10%\">\n            <div class=\"eltdf-elements-holder-item-content-inner\">\n                <div class=\"eltdf-section-title-holder\" style=\"text-align: left\">\n\t\t\t<h3 class=\"eltdf-st-title\" >\n\t\t\t<span>Un so ac\u00fastic ric i evocador a partir d&#039;una font digital<\/span>\n\t\t<\/h3>\n\t\t<\/div>[vc_empty_space height=&#8221;12px&#8221;][vc_column_text]La tecnologia TransAcoustic&#x2122; no requereix cap altaveu per produir el so. Utilitza un transductor per transferir les vibracions d&#8217;una font digital a la taula harm\u00f2nica per convertir-les en un so ric. La font de so digital pot ser amplificada i projectada aix\u00ed, emprant el mateix mecanisme de generaci\u00f3 de so i resson\u00e0ncia d&#8217;un piano ac\u00fastic. Aix\u00f2 permet a l&#8217;int\u00e8rpret escoltar el so digital amb el mateix ress\u00f2 que quan el piano funciona de forma ac\u00fastica. A m\u00e9s, el generador digital de tons inclou els sons de dos pianos de concert de renom mundial, el YAMAHA CFX i el B\u00f6sendorfer Imperial, gravats amb una qualitat impecable mitjan\u00e7ant t\u00e8cniques de mostreig binaural.[\/vc_column_text][vc_empty_space]            <\/div>\n        <\/div>\n    <\/div>\n    <\/div><\/div>[\/vc_column][\/vc_row][vc_row css=&#8221;.vc_custom_1692316891818{background-color: #f7f5f5 !important;}&#8221;][vc_column css=&#8221;.vc_custom_1691685603563{padding-top: 0px !important;padding-bottom: 0px !important;}&#8221;]<div class=\"eltdf-elements-holder eltdf-responsive-mode-768 eltdf-one-column-alignment-left\" ><div class=\"eltdf-elements-holder-item eltdf-width-1-2 eltdf-vertical-alignment-middle eltdf-horizontal-alignment-left\" data-item-class=\"eltdf-elements-holder-custom-315791\" data-1280-1440=\"50px 10% 50px 33%\" data-1024-1280=\"50px 10% 50px 20%\" data-768-1024=\"50px 10%\" data-600-768=\"50px 7%\" data-480-600=\"50px 15%\" data-480=\"50px 10%\" >\n        <div class=\"eltdf-elements-holder-item-inner\">\n        <div class=\"eltdf-elements-holder-item-content eltdf-elements-holder-custom-315791\" style=\"padding: 50px 10% 50px 33%\">\n            <div class=\"eltdf-elements-holder-item-content-inner\">\n                <div class=\"eltdf-section-title-holder\" style=\"text-align: left\">\n\t\t\t<h2 class=\"eltdf-st-title\" >\n\t\t\t<span>Transductor original i sensor d&#039;articulaci\u00f3 per reproduir tots els matisos expressius<\/span>\n\t\t<\/h2>\n\t\t<\/div>[vc_empty_space height=&#8221;12px&#8221;][vc_column_text]Els transductors convencionals s\u00f3n massa pesats per ser instal\u00b7lats a la caixa de resson\u00e0ncia i comprometrien les seves funcions essencials. Per aix\u00f2, YAMAHA ha desenvolupat transductors espec\u00edfics per a pianos ac\u00fastics, amb nom\u00e9s un element lleuger fixat a la caixa de resson\u00e0ncia. El resultat \u00e9s una reproducci\u00f3 fidel del so original dels pianos ac\u00fastics, mantenint la integritat de la caixa de resson\u00e0ncia. A m\u00e9s, els darrers models utilitzen un sensor d&#8217;articulaci\u00f3 especial capa\u00e7 de detectar els moviments m\u00e9s subtils de les tecles amb una precisi\u00f3 excepcional, reproduint amb autenticitat tots els matisos delicats d&#8217;interpretaci\u00f3 i expressi\u00f3 del so.[\/vc_column_text][vc_empty_space]            <\/div>\n        <\/div>\n    <\/div>\n    <\/div><div class=\"eltdf-elements-holder-item eltdf-width-1-2 eltdf-vertical-alignment-middle eltdf-horizontal-alignment-left\" data-item-class=\"eltdf-elements-holder-custom-573785\" style=\"background-image: url(https:\/\/www.corralespianos.com\/ca\/wp-content\/uploads\/sites\/4\/2023\/08\/yamaha_transacoustic_transductor_y_sensor.jpg)\">\n        <div class=\"eltdf-elements-holder-item-inner\">\n        <div class=\"eltdf-elements-holder-item-content eltdf-elements-holder-custom-573785\" >\n            <div class=\"eltdf-elements-holder-item-content-inner\">\n                            <\/div>\n        <\/div>\n    <\/div>\n    <\/div><\/div>[\/vc_column][\/vc_row][vc_row row_content_width=&#8221;grid&#8221; css=&#8221;.vc_custom_1693263170651{padding-top: 50px !important;padding-bottom: 76px !important;}&#8221;][vc_column width=&#8221;2\/3&#8243;]<div class=\"eltdf-section-title-holder\" style=\"text-align: left\">\n\t\t\t<h2 class=\"eltdf-st-title\" >\n\t\t\t<span>Sistema SILENT Piano&#x2122; incl\u00f2s<\/span>\n\t\t<\/h2>\n\t\t<\/div>[vc_empty_space height=&#8221;12px&#8221;][vc_column_text]Els pianos amb el sistema SILENT Piano&#x2122; s\u00f3n aut\u00e8ntics instruments ac\u00fastics equipats amb la tecnologia m\u00e9s avan\u00e7ada de silenciament de YAMAHA.[\/vc_column_text][vc_empty_space height=&#8221;4px&#8221;][vc_column_text]En tocar en mode SILENT evites que t&#8217;escolti ning\u00fa i gaudir sense molestar els altres, el sistema SILENT fa que qualsevol moment sigui un bon moment per seure al piano.[\/vc_column_text][vc_empty_space height=&#8221;4px&#8221;][vc_column_text]Quan es toca en mode SILENT, els martells s&#8217;aturen immediatament abans de tocar les cordes perqu\u00e8 el piano no generi cap so. Els sensors instal\u00b7lats sota les tecles desxifren com es toquen les tecles i transmeten les dades al generador de tons digital, que genera sons mostrejats que es poden escoltar a trav\u00e9s d&#8217;uns auriculars.[\/vc_column_text][vc_empty_space height=&#8221;4px&#8221;][vc_column_text]Permet a l&#8217;instrument tocar un veritable so de piano ac\u00fastic en circumst\u00e0ncies normals, o posar-se els auriculars i tocar en mode SILENT per evitar molestar els altres.[\/vc_column_text][\/vc_column][vc_column width=&#8221;1\/3&#8243;][vc_single_image image=&#8221;9327&#8243; img_size=&#8221;300&#215;378&#8243; alignment=&#8221;right&#8221; css_animation=&#8221;fadeIn&#8221;][\/vc_column][\/vc_row][vc_row row_type=&#8221;parallax&#8221; full_screen_section_height=&#8221;no&#8221; parallax_section_height=&#8221;400&#8243; parallax_background_image=&#8221;9033&#8243; css=&#8221;.vc_custom_1691709931403{padding-top: 0px !important;padding-bottom: 0px !important;}&#8221; el_class=&#8221;eltdf-parallax-holder-cover&#8221;][vc_column][vc_widget_sidebar sidebar_id=&#8221;banner-corrales-4-generaciones&#8221;][\/vc_column][\/vc_row]","protected":false},"excerpt":{"rendered":"[vc_row row_content_width=&#8221;grid&#8221; css=&#8221;.vc_custom_1693262950619{padding-top: 76px !important;padding-bottom: 76px !important;}&#8221;][vc_column][vc_empty_space height=&#8221;12px&#8221;][vc_column_text]Dins un piano ac\u00fastic, els martells colpegen les cordes i aquestes vibren per produir el so. Aquest so inicial \u00e9s amplificat per la taula harm\u00f2nica que ocupa gran part de l&#8217;interior del piano, i tot el cos del [&hellip;]","protected":false},"author":1,"featured_media":0,"parent":0,"menu_order":0,"comment_status":"closed","ping_status":"closed","template":"full-width-narrow-header.php","meta":{"footnotes":""},"class_list":["post-9381","page","type-page","status-publish","hentry"],"aioseo_notices":[],"_links":{"self":[{"href":"https:\/\/www.corralespianos.com\/ca\/wp-json\/wp\/v2\/pages\/9381"}],"collection":[{"href":"https:\/\/www.corralespianos.com\/ca\/wp-json\/wp\/v2\/pages"}],"about":[{"href":"https:\/\/www.corralespianos.com\/ca\/wp-json\/wp\/v2\/types\/page"}],"author":[{"embeddable":true,"href":"https:\/\/www.corralespianos.com\/ca\/wp-json\/wp\/v2\/users\/1"}],"replies":[{"embeddable":true,"href":"https:\/\/www.corralespianos.com\/ca\/wp-json\/wp\/v2\/comments?post=9381"}],"version-history":[{"count":12,"href":"https:\/\/www.corralespianos.com\/ca\/wp-json\/wp\/v2\/pages\/9381\/revisions"}],"predecessor-version":[{"id":9735,"href":"https:\/\/www.corralespianos.com\/ca\/wp-json\/wp\/v2\/pages\/9381\/revisions\/9735"}],"wp:attachment":[{"href":"https:\/\/www.corralespianos.com\/ca\/wp-json\/wp\/v2\/media?parent=9381"}],"curies":[{"name":"wp","href":"https:\/\/api.w.org\/{rel}","templated":true}]}}