{"id":9587,"date":"2023-08-23T11:28:58","date_gmt":"2023-08-23T11:28:58","guid":{"rendered":"https:\/\/www.corralespianos.com\/ca\/pianos-hibridos-copia\/"},"modified":"2023-08-31T19:18:12","modified_gmt":"2023-08-31T19:18:12","slug":"pianos-digitals","status":"publish","type":"page","link":"https:\/\/www.corralespianos.com\/ca\/pianos-digitals\/","title":{"rendered":"Pianos Digitals"},"content":{"rendered":"<p>[vc_row css=&#8221;.vc_custom_1692398654699{padding-top: 32px !important;padding-bottom: 32px !important;background-color: #e8e8c3 !important;}&#8221;][vc_column][vc_row_inner row_content_width=&#8221;grid&#8221;][vc_column_inner]<div class=\"eltdf-section-title-holder\" style=\"text-align: center\">\n\t\t\t<h2 class=\"eltdf-st-title\" style=\"color: #999966\">\n\t\t\t<span>Pianos Digitals de YAMAHA<\/span>\n\t\t<\/h2>\n\t\t<\/div><div class=\"eltdf-section-title-holder\" style=\"text-align: center\">\n\t\t\t<h3 class=\"eltdf-st-title\" >\n\t\t\t<span>Un instrument de la m\u00e9s alta qualitat per comen\u00e7ar a tocar o gaudir de la sensaci\u00f3 real d&#039;un piano a qualsevol lloc.<\/span>\n\t\t<\/h3>\n\t\t<\/div>[\/vc_column_inner][\/vc_row_inner][\/vc_column][\/vc_row][vc_row row_content_width=&#8221;grid&#8221; css=&#8221;.vc_custom_1692398685817{padding-top: 24px !important;padding-bottom: 76px !important;}&#8221;][vc_column][vc_basic_grid post_type=&#8221;portfolio-item&#8221; max_items=&#8221;-1&#8243; show_filter=&#8221;yes&#8221; gap=&#8221;0&#8243; orderby=&#8221;title&#8221; order=&#8221;ASC&#8221; filter_style=&#8221;filled&#8221; item=&#8221;9451&#8243; initial_loading_animation=&#8221;none&#8221; grid_id=&#8221;vc_gid:1693509414111-c85316dc-ba47-2&#8243; taxonomies=&#8221;285&#8243; filter_source=&#8221;portfolio-tag&#8221;][\/vc_column][\/vc_row][vc_row css=&#8221;.vc_custom_1691430761366{background-position: center !important;background-repeat: no-repeat !important;background-size: cover !important;}&#8221;][vc_column css=&#8221;.vc_custom_1691430950826{padding-top: 0px !important;}&#8221;][vc_widget_sidebar sidebar_id=&#8221;banner-servicio-alquiler-pianos&#8221;][\/vc_column][\/vc_row][vc_row row_content_width=&#8221;grid&#8221;][vc_column][vc_widget_sidebar sidebar_id=&#8221;marcas-carrousel&#8221;][\/vc_column][\/vc_row]<\/p>\r\n","protected":false},"excerpt":{"rendered":"[vc_row css=&#8221;.vc_custom_1692398654699{padding-top: 32px !important;padding-bottom: 32px !important;background-color: #e8e8c3 !important;}&#8221;][vc_column][vc_row_inner row_content_width=&#8221;grid&#8221;][vc_column_inner][\/vc_column_inner][\/vc_row_inner][\/vc_column][\/vc_row][vc_row row_content_width=&#8221;grid&#8221; css=&#8221;.vc_custom_1692398685817{padding-top: 24px !important;padding-bottom: 76px !important;}&#8221;][vc_column][vc_basic_grid post_type=&#8221;portfolio-item&#8221; max_items=&#8221;-1&#8243; show_filter=&#8221;yes&#8221; gap=&#8221;0&#8243; orderby=&#8221;title&#8221; order=&#8221;ASC&#8221; filter_style=&#8221;filled&#8221; item=&#8221;9451&#8243; initial_loading_animation=&#8221;none&#8221; grid_id=&#8221;vc_gid:1693509414111-c85316dc-ba47-2&#8243; taxonomies=&#8221;285&#8243; filter_source=&#8221;portfolio-tag&#8221;][\/vc_column][\/vc_row][vc_row css=&#8221;.vc_custom_1691430761366{background-position: center !important;background-repeat: no-repeat !important;background-size: cover !important;}&#8221;][vc_column css=&#8221;.vc_custom_1691430950826{padding-top: 0px !important;}&#8221;][vc_widget_sidebar sidebar_id=&#8221;banner-servicio-alquiler-pianos&#8221;][\/vc_column][\/vc_row][vc_row row_content_width=&#8221;grid&#8221;][vc_column][vc_widget_sidebar sidebar_id=&#8221;marcas-carrousel&#8221;][\/vc_column][\/vc_row]","protected":false},"author":1,"featured_media":0,"parent":0,"menu_order":0,"comment_status":"closed","ping_status":"closed","template":"full-width-narrow-header.php","meta":{"footnotes":""},"class_list":["post-9587","page","type-page","status-publish","hentry"],"aioseo_notices":[],"_links":{"self":[{"href":"https:\/\/www.corralespianos.com\/ca\/wp-json\/wp\/v2\/pages\/9587"}],"collection":[{"href":"https:\/\/www.corralespianos.com\/ca\/wp-json\/wp\/v2\/pages"}],"about":[{"href":"https:\/\/www.corralespianos.com\/ca\/wp-json\/wp\/v2\/types\/page"}],"author":[{"embeddable":true,"href":"https:\/\/www.corralespianos.com\/ca\/wp-json\/wp\/v2\/users\/1"}],"replies":[{"embeddable":true,"href":"https:\/\/www.corralespianos.com\/ca\/wp-json\/wp\/v2\/comments?post=9587"}],"version-history":[{"count":3,"href":"https:\/\/www.corralespianos.com\/ca\/wp-json\/wp\/v2\/pages\/9587\/revisions"}],"predecessor-version":[{"id":9723,"href":"https:\/\/www.corralespianos.com\/ca\/wp-json\/wp\/v2\/pages\/9587\/revisions\/9723"}],"wp:attachment":[{"href":"https:\/\/www.corralespianos.com\/ca\/wp-json\/wp\/v2\/media?parent=9587"}],"curies":[{"name":"wp","href":"https:\/\/api.w.org\/{rel}","templated":true}]}}