{"id":9777,"date":"2024-07-28T10:55:19","date_gmt":"2024-07-28T10:55:19","guid":{"rendered":"https:\/\/www.corralespianos.com\/ca\/?page_id=9777"},"modified":"2024-07-28T10:55:41","modified_gmt":"2024-07-28T10:55:41","slug":"sistema-silent-de-grotrian","status":"publish","type":"page","link":"https:\/\/www.corralespianos.com\/ca\/sistema-silent-de-grotrian\/","title":{"rendered":"Sistema Silent de GROTRIAN"},"content":{"rendered":"<p>[vc_row row_content_width=&#8221;grid&#8221; css=&#8221;.vc_custom_1722010619676{padding-top: 76px !important;padding-bottom: 76px !important;}&#8221;][vc_column width=&#8221;2\/3&#8243;]<div class=\"eltdf-section-title-holder\" style=\"text-align: left\">\n\t\t\t<h2 class=\"eltdf-st-title\" style=\"color: #999966\">\n\t\t\t<span>Sistema Silent<\/span>\n\t\t<\/h2>\n\t\t<\/div>[vc_empty_space height=&#8221;12px&#8221;][vc_column_text]Hi ha moments en qu\u00e8 el silenci \u00e9s m\u00e9s important que l&#8217;excel\u00b7lent so d&#8217;un GROTRIAN. \u00c9s per aix\u00f2 que tots els pianos GROTRIAN es poden equipar amb el piano digital ac\u00fastic GROTRIAN. S&#8217;instal\u00b7la un ra\u00efl especial per separar l&#8217;acci\u00f3 del sistema ac\u00fastic. El mode silenci\u00f3s s&#8217;activa mitjan\u00e7ant una petita palanca de m\u00e0 sota el teclat.[\/vc_column_text][vc_empty_space height=&#8221;4px&#8221;][vc_column_text]El mostreig s&#8217;executa mitjan\u00e7ant un sistema \u00f2ptic que es munta sota les tecles. Aix\u00f2 vol dir que no hi ha contacte amb la mec\u00e0nica i, per tant, no hi ha cap canvi ni contaminaci\u00f3 en la pulsaci\u00f3 original del piano. Per tant, els pianos GROTRIAN no estan influenciats pel sistema silenci\u00f3s.[\/vc_column_text][vc_empty_space height=&#8221;4px&#8221;][vc_column_text]Els senyals generats \u00f2pticament es digitalitzen i despr\u00e9s es processen a MIDI. La unitat de control cont\u00e9 connexi\u00f3 AUX, USB i MIDI.[\/vc_column_text][vc_empty_space height=&#8221;4px&#8221;][vc_column_text]GROTRIAN instal\u00b7la el sistema silenci\u00f3s perqu\u00e8, si cal, es pugui eliminar completament. Ni la instal\u00b7laci\u00f3 ni la retirada perjudiquen altres components de l&#8217;instrument, per exemple la caixa de resson\u00e0ncia.[\/vc_column_text][\/vc_column][vc_column width=&#8221;1\/3&#8243;][vc_single_image image=&#8221;9765&#8243; img_size=&#8221;full&#8221; alignment=&#8221;center&#8221;][\/vc_column][\/vc_row][vc_row row_type=&#8221;parallax&#8221; full_screen_section_height=&#8221;no&#8221; parallax_section_height=&#8221;400&#8243; parallax_background_image=&#8221;9033&#8243; css=&#8221;.vc_custom_1691709931403{padding-top: 0px !important;padding-bottom: 0px !important;}&#8221; el_class=&#8221;eltdf-parallax-holder-cover&#8221;][vc_column][vc_widget_sidebar sidebar_id=&#8221;banner-corrales-4-generaciones&#8221;][\/vc_column][\/vc_row]<\/p>\r\n","protected":false},"excerpt":{"rendered":"[vc_row row_content_width=&#8221;grid&#8221; css=&#8221;.vc_custom_1722010619676{padding-top: 76px !important;padding-bottom: 76px !important;}&#8221;][vc_column width=&#8221;2\/3&#8243;][vc_empty_space height=&#8221;12px&#8221;][vc_column_text]Hi ha moments en qu\u00e8 el silenci \u00e9s m\u00e9s important que l&#8217;excel\u00b7lent so d&#8217;un GROTRIAN. \u00c9s per aix\u00f2 que tots els pianos GROTRIAN es poden equipar amb el piano digital ac\u00fastic GROTRIAN. S&#8217;instal\u00b7la un ra\u00efl especial per [&hellip;]","protected":false},"author":1,"featured_media":0,"parent":0,"menu_order":0,"comment_status":"closed","ping_status":"closed","template":"full-width-narrow-header.php","meta":{"footnotes":""},"class_list":["post-9777","page","type-page","status-publish","hentry"],"aioseo_notices":[],"_links":{"self":[{"href":"https:\/\/www.corralespianos.com\/ca\/wp-json\/wp\/v2\/pages\/9777"}],"collection":[{"href":"https:\/\/www.corralespianos.com\/ca\/wp-json\/wp\/v2\/pages"}],"about":[{"href":"https:\/\/www.corralespianos.com\/ca\/wp-json\/wp\/v2\/types\/page"}],"author":[{"embeddable":true,"href":"https:\/\/www.corralespianos.com\/ca\/wp-json\/wp\/v2\/users\/1"}],"replies":[{"embeddable":true,"href":"https:\/\/www.corralespianos.com\/ca\/wp-json\/wp\/v2\/comments?post=9777"}],"version-history":[{"count":1,"href":"https:\/\/www.corralespianos.com\/ca\/wp-json\/wp\/v2\/pages\/9777\/revisions"}],"predecessor-version":[{"id":9778,"href":"https:\/\/www.corralespianos.com\/ca\/wp-json\/wp\/v2\/pages\/9777\/revisions\/9778"}],"wp:attachment":[{"href":"https:\/\/www.corralespianos.com\/ca\/wp-json\/wp\/v2\/media?parent=9777"}],"curies":[{"name":"wp","href":"https:\/\/api.w.org\/{rel}","templated":true}]}}