{"id":9779,"date":"2024-07-28T11:00:10","date_gmt":"2024-07-28T11:00:10","guid":{"rendered":"https:\/\/www.corralespianos.com\/ca\/?page_id=9779"},"modified":"2024-07-28T11:04:11","modified_gmt":"2024-07-28T11:04:11","slug":"sistema-disklavier-bosendorfer","status":"publish","type":"page","link":"https:\/\/www.corralespianos.com\/ca\/sistema-disklavier-bosendorfer\/","title":{"rendered":"Sistema Disklavier de B\u00f6sendorfer"},"content":{"rendered":"<p>[vc_row row_content_width=&#8221;grid&#8221; css=&#8221;.vc_custom_1693262950619{padding-top: 76px !important;padding-bottom: 76px !important;}&#8221;][vc_column]<div class=\"eltdf-section-title-holder\" style=\"text-align: left\">\n\t\t\t<h2 class=\"eltdf-st-title\" style=\"color: #999966\">\n\t\t\t<span>Al cap i a la fi, tots els pianistes es mereix un descans<\/span>\n\t\t<\/h2>\n\t\t<\/div>[vc_empty_space height=&#8221;12px&#8221;][vc_column_text]El B\u00f6sendorfer Disklavier Edition us sorprendr\u00e0 reproduint qualsevol actuaci\u00f3 amb la m\u00e0xima precisi\u00f3 i refinament.[\/vc_column_text][\/vc_column][\/vc_row][vc_row css=&#8221;.vc_custom_1691685528943{background-color: #e8e8c3 !important;}&#8221;][vc_column css=&#8221;.vc_custom_1691685603563{padding-top: 0px !important;padding-bottom: 0px !important;}&#8221;]<div class=\"eltdf-elements-holder eltdf-responsive-mode-768 eltdf-one-column-alignment-left\" ><div class=\"eltdf-elements-holder-item eltdf-width-1-2 eltdf-vertical-alignment-middle eltdf-horizontal-alignment-left\" data-item-class=\"eltdf-elements-holder-custom-400407\" data-1280-1440=\"50px 10% 50px 33%\" data-1024-1280=\"50px 10% 50px 20%\" data-768-1024=\"50px 10%\" data-600-768=\"50px 7%\" data-480-600=\"50px 15%\" data-480=\"50px 10%\" >\n        <div class=\"eltdf-elements-holder-item-inner\">\n        <div class=\"eltdf-elements-holder-item-content eltdf-elements-holder-custom-400407\" style=\"padding: 50px 10% 50px 33%\">\n            <div class=\"eltdf-elements-holder-item-content-inner\">\n                [vc_empty_space]<div class=\"eltdf-section-title-holder\" style=\"text-align: left\">\n\t\t\t<h2 class=\"eltdf-st-title\" >\n\t\t\t<span>Escolteu les grans obres<\/span>\n\t\t<\/h2>\n\t\t<\/div>[vc_empty_space height=&#8221;12px&#8221;][vc_column_text]Escolteu les grans obres dels grans mestres de la m\u00fasica per a piano sense aixecar un sol dit.[\/vc_column_text][vc_empty_space height=&#8221;4px&#8221;][vc_column_text]Interpretacions d&#8217;Anton Rubinstein, ritme de les melodies d&#8217;Oscar Peterson: la nostra edici\u00f3 B\u00f6sendorfer Disklavier inclou m\u00e9s de 1.000 enregistraments de diferents estils i g\u00e8neres.[\/vc_column_text][vc_empty_space height=&#8221;4px&#8221;][vc_column_text]Apliquem el sistema m\u00e9s sofisticat que hi ha, la tecnologia de reproductor Disklavier ENSPIRE desenvolupada per Yamaha. Els pianistes no nom\u00e9s gaudeixen llistant una biblioteca d&#8217;actuacions, sin\u00f3 que enregistren i reprodueixen immediatament la seva pr\u00f2pia m\u00fasica.[\/vc_column_text][vc_empty_space height=&#8221;4px&#8221;][vc_column_text]Moviments suaus, fraseig din\u00e0mic, pedaleig i articulaci\u00f3 art\u00edstica, tot es nota amb precisi\u00f3 i es guarda amb una autenticitat inaudita a la vostra biblioteca.[\/vc_column_text][vc_empty_space height=&#8221;4px&#8221;][vc_column_text]La teva obra esdev\u00e9 immortal com les composicions de mestres de piano. Submergeix-te en l&#8217;univers B\u00f6sendorfer Sound. Escolta i gaudeix.[\/vc_column_text][vc_empty_space height=&#8221;76px&#8221;]            <\/div>\n        <\/div>\n    <\/div>\n    <\/div><div class=\"eltdf-elements-holder-item eltdf-width-1-2 eltdf-vertical-alignment-middle eltdf-horizontal-alignment-left\" data-item-class=\"eltdf-elements-holder-custom-940951\" style=\"background-image: url(https:\/\/www.corralespianos.com\/ca\/wp-content\/uploads\/sites\/4\/2024\/07\/bosendorfer_disklavier_1.jpg)\">\n        <div class=\"eltdf-elements-holder-item-inner\">\n        <div class=\"eltdf-elements-holder-item-content eltdf-elements-holder-custom-940951\" >\n            <div class=\"eltdf-elements-holder-item-content-inner\">\n                            <\/div>\n        <\/div>\n    <\/div>\n    <\/div><\/div>[\/vc_column][\/vc_row][vc_row][vc_column css=&#8221;.vc_custom_1691685603563{padding-top: 0px !important;padding-bottom: 0px !important;}&#8221;]<div class=\"eltdf-elements-holder eltdf-responsive-mode-768 eltdf-one-column-alignment-left\" ><div class=\"eltdf-elements-holder-item eltdf-width-1-2 eltdf-vertical-alignment-middle eltdf-horizontal-alignment-left\" data-item-class=\"eltdf-elements-holder-custom-627895\" style=\"background-image: url(https:\/\/www.corralespianos.com\/ca\/wp-content\/uploads\/sites\/4\/2024\/07\/bosendorfer_disklavier_2.jpg)\">\n        <div class=\"eltdf-elements-holder-item-inner\">\n        <div class=\"eltdf-elements-holder-item-content eltdf-elements-holder-custom-627895\" >\n            <div class=\"eltdf-elements-holder-item-content-inner\">\n                            <\/div>\n        <\/div>\n    <\/div>\n    <\/div><div class=\"eltdf-elements-holder-item eltdf-width-1-2 eltdf-vertical-alignment-middle eltdf-horizontal-alignment-left\" data-item-class=\"eltdf-elements-holder-custom-741564\" data-1280-1440=\"50px 33% 50px 10%\" data-1024-1280=\"50px 20% 50px 10%\" data-768-1024=\"50px 10%\" data-600-768=\"50px 7%\" data-480-600=\"50px 15%\" data-480=\"50px 10%\" >\n        <div class=\"eltdf-elements-holder-item-inner\">\n        <div class=\"eltdf-elements-holder-item-content eltdf-elements-holder-custom-741564\" style=\"padding: 50px 33% 50px 10%\">\n            <div class=\"eltdf-elements-holder-item-content-inner\">\n                <div class=\"eltdf-section-title-holder\" style=\"text-align: left\">\n\t\t\t<h2 class=\"eltdf-st-title\" >\n\t\t\t<span>Vers\u00e0til<\/span>\n\t\t<\/h2>\n\t\t<\/div>[vc_empty_space height=&#8221;12px&#8221;][vc_column_text]Controlar el reproductor mitjan\u00e7ant l&#8217;intu\u00eftiva aplicaci\u00f3. L&#8217;aplicaci\u00f3 s&#8217;executa en qualsevol plataforma que trieu, sigui iOS, Android, PC o Mac. Tens acc\u00e9s a l&#8217;extensa biblioteca musical de Yamaha per a Disklavier i a serveis de reproducci\u00f3 en l\u00ednia exclusius.[\/vc_column_text][vc_empty_space height=&#8221;4px&#8221;][vc_column_text]Descobriu peces o melodies solistes de piano interpretades mitjan\u00e7ant altaveus d&#8217;\u00e0udio d&#8217;alta resoluci\u00f3 integrats, el vostre propi sistema d&#8217;entreteniment dom\u00e8stic o mitjan\u00e7ant Silent System. La B\u00f6sendorfer Disklavier Edition \u00e9s una fabulosa simbiosi de dos mons: l&#8217;\u00fanic so vien\u00e8s B\u00f6sendorfer combinat amb l&#8217;alta tecnologia Disklavier ENSPIRE.[\/vc_column_text][vc_empty_space][vc_column_text]<\/p>\r\n<blockquote>\r\n<p style=\"text-align: center;\"><span style=\"color: #999966;\">El resultat?<\/span><\/p>\r\n<p>&nbsp;<\/p>\r\n<p style=\"text-align: center;\"><span style=\"color: #999966;\">El goig d&#8217;escoltar.<\/span><\/p>\r\n<\/blockquote>\r\n<p>[\/vc_column_text][vc_empty_space]            <\/div>\n        <\/div>\n    <\/div>\n    <\/div><\/div>[\/vc_column][\/vc_row][vc_row css=&#8221;.vc_custom_1692316891818{background-color: #f7f5f5 !important;}&#8221;][vc_column css=&#8221;.vc_custom_1691685603563{padding-top: 0px !important;padding-bottom: 0px !important;}&#8221;]<div class=\"eltdf-elements-holder eltdf-responsive-mode-768 eltdf-one-column-alignment-left\" ><div class=\"eltdf-elements-holder-item eltdf-width-1-2 eltdf-vertical-alignment-middle eltdf-horizontal-alignment-left\" data-item-class=\"eltdf-elements-holder-custom-802320\" data-1280-1440=\"50px 10% 50px 33%\" data-1024-1280=\"50px 10% 50px 20%\" data-768-1024=\"50px 10%\" data-600-768=\"50px 7%\" data-480-600=\"50px 15%\" data-480=\"50px 10%\" >\n        <div class=\"eltdf-elements-holder-item-inner\">\n        <div class=\"eltdf-elements-holder-item-content eltdf-elements-holder-custom-802320\" style=\"padding: 50px 10% 50px 33%\">\n            <div class=\"eltdf-elements-holder-item-content-inner\">\n                <div class=\"eltdf-section-title-holder\" style=\"text-align: left\">\n\t\t\t<h2 class=\"eltdf-st-title\" >\n\t\t\t<span>Caracter\u00edstiques<\/span>\n\t\t<\/h2>\n\t\t<\/div>[vc_empty_space height=&#8221;12px&#8221;][vc_column_text]Dissenyat per als models B\u00f6sendorfer 170VC, 185VC, 200, 214VC i el Concert Grand 280VC. Tecnologia i serveis Yamaha Disklavier ENSPIRE Serveis de reproducci\u00f3 en l\u00ednia de Yamaha i acc\u00e9s a la biblioteca multim\u00e8dia mitjan\u00e7ant l&#8217;aplicaci\u00f3.[\/vc_column_text][vc_empty_space height=&#8221;4px&#8221;][vc_column_text]Mode silenci\u00f3s per reproduir amb auriculars.<br \/>\r\nUSB, entrada | sortida MIDI i LAN, WiFi.[\/vc_column_text][vc_empty_space height=&#8221;76px&#8221;]<div class=\"eltdf-section-title-holder\" style=\"text-align: left\">\n\t\t\t<h2 class=\"eltdf-st-title\" >\n\t\t\t<span>Interfaces de usuario<\/span>\n\t\t<\/h2>\n\t\t<\/div>[vc_empty_space height=&#8221;12px&#8221;][vc_column_text]Plataformes IOS, Android i Windows,<br \/>\r\nSmartphone, tauleta,<br \/>\r\nPC i Mac[\/vc_column_text][vc_empty_space]            <\/div>\n        <\/div>\n    <\/div>\n    <\/div><div class=\"eltdf-elements-holder-item eltdf-width-1-2 eltdf-vertical-alignment-middle eltdf-horizontal-alignment-left\" data-item-class=\"eltdf-elements-holder-custom-358701\" style=\"background-image: url(https:\/\/www.corralespianos.com\/ca\/wp-content\/uploads\/sites\/4\/2024\/07\/bosendorfer_disklavier_3.jpg)\">\n        <div class=\"eltdf-elements-holder-item-inner\">\n        <div class=\"eltdf-elements-holder-item-content eltdf-elements-holder-custom-358701\" >\n            <div class=\"eltdf-elements-holder-item-content-inner\">\n                            <\/div>\n        <\/div>\n    <\/div>\n    <\/div><\/div>[\/vc_column][\/vc_row][vc_row css=&#8221;.vc_custom_1722103747105{margin-top: 76px !important;}&#8221;][vc_column][vc_widget_sidebar sidebar_id=&#8221;banner-servicio-tecnico-exclusivo&#8221;][\/vc_column][\/vc_row][vc_row][vc_column][vc_widget_sidebar sidebar_id=&#8221;marcas-carrousel&#8221;][\/vc_column][\/vc_row]<\/p>\r\n","protected":false},"excerpt":{"rendered":"[vc_row row_content_width=&#8221;grid&#8221; css=&#8221;.vc_custom_1693262950619{padding-top: 76px !important;padding-bottom: 76px !important;}&#8221;][vc_column][vc_empty_space height=&#8221;12px&#8221;][vc_column_text]El B\u00f6sendorfer Disklavier Edition us sorprendr\u00e0 reproduint qualsevol actuaci\u00f3 amb la m\u00e0xima precisi\u00f3 i refinament.[\/vc_column_text][\/vc_column][\/vc_row][vc_row css=&#8221;.vc_custom_1691685528943{background-color: #e8e8c3 !important;}&#8221;][vc_column css=&#8221;.vc_custom_1691685603563{padding-top: 0px !important;padding-bottom: 0px !important;}&#8221;][\/vc_column][\/vc_row][vc_row][vc_column css=&#8221;.vc_custom_1691685603563{padding-top: 0px !important;padding-bottom: 0px !important;}&#8221;][\/vc_column][\/vc_row][vc_row css=&#8221;.vc_custom_1692316891818{background-color: #f7f5f5 !important;}&#8221;][vc_column css=&#8221;.vc_custom_1691685603563{padding-top: 0px !important;padding-bottom: 0px !important;}&#8221;][\/vc_column][\/vc_row][vc_row css=&#8221;.vc_custom_1722103747105{margin-top: 76px [&hellip;]","protected":false},"author":1,"featured_media":0,"parent":0,"menu_order":0,"comment_status":"closed","ping_status":"closed","template":"full-width-narrow-header.php","meta":{"footnotes":""},"class_list":["post-9779","page","type-page","status-publish","hentry"],"aioseo_notices":[],"_links":{"self":[{"href":"https:\/\/www.corralespianos.com\/ca\/wp-json\/wp\/v2\/pages\/9779"}],"collection":[{"href":"https:\/\/www.corralespianos.com\/ca\/wp-json\/wp\/v2\/pages"}],"about":[{"href":"https:\/\/www.corralespianos.com\/ca\/wp-json\/wp\/v2\/types\/page"}],"author":[{"embeddable":true,"href":"https:\/\/www.corralespianos.com\/ca\/wp-json\/wp\/v2\/users\/1"}],"replies":[{"embeddable":true,"href":"https:\/\/www.corralespianos.com\/ca\/wp-json\/wp\/v2\/comments?post=9779"}],"version-history":[{"count":2,"href":"https:\/\/www.corralespianos.com\/ca\/wp-json\/wp\/v2\/pages\/9779\/revisions"}],"predecessor-version":[{"id":9781,"href":"https:\/\/www.corralespianos.com\/ca\/wp-json\/wp\/v2\/pages\/9779\/revisions\/9781"}],"wp:attachment":[{"href":"https:\/\/www.corralespianos.com\/ca\/wp-json\/wp\/v2\/media?parent=9779"}],"curies":[{"name":"wp","href":"https:\/\/api.w.org\/{rel}","templated":true}]}}