{"id":9786,"date":"2024-07-28T11:15:11","date_gmt":"2024-07-28T11:15:11","guid":{"rendered":"https:\/\/www.corralespianos.com\/ca\/?page_id=9786"},"modified":"2024-07-28T11:15:33","modified_gmt":"2024-07-28T11:15:33","slug":"sistema-silent-bosendorfer","status":"publish","type":"page","link":"https:\/\/www.corralespianos.com\/ca\/sistema-silent-bosendorfer\/","title":{"rendered":"Sistema Silent de B\u00f6sendorfer"},"content":{"rendered":"<p>[vc_row row_content_width=&#8221;grid&#8221; css=&#8221;.vc_custom_1693262950619{padding-top: 76px !important;padding-bottom: 76px !important;}&#8221;][vc_column]<div class=\"eltdf-section-title-holder\" style=\"text-align: left\">\n\t\t\t<h2 class=\"eltdf-st-title\" style=\"color: #999966\">\n\t\t\t<span>Passi\u00f3 il\u00b7limitada a qualsevol hora del dia o de la nit<\/span>\n\t\t<\/h2>\n\t\t<\/div>[vc_empty_space height=&#8221;12px&#8221;][vc_column_text]El B\u00f6sendorfer Silent Edition \u00e9s la simbiosi intransigent de dos mons: el so \u00fanic B\u00f6sendorfer combinat amb el revolucionari Yamaha Silent, que no canvia ni les propietats mec\u00e0niques ni ac\u00fastiques del vostre instrument.[\/vc_column_text][vc_empty_space height=&#8221;4px&#8221;][vc_column_text]La sofisticada tecnologia de sensors captura cont\u00ednuament cada detall de la vostra reproducci\u00f3 i envia aquesta informaci\u00f3 al m\u00f2dul de so digital.[\/vc_column_text][vc_empty_space height=&#8221;4px&#8221;][vc_column_text]El Quick Escape Mechanism, l&#8217;\u00fanic d&#8217;aquest tipus al m\u00f3n, garanteix la millor sensibilitat i la millor controlabilitat de l&#8217;acci\u00f3. Gr\u00e0cies a aquesta tecnologia, ni el mode ac\u00fastic ni el mode silenci\u00f3s afecten a la pulsaci\u00f3. El so generat es pot escoltar a trav\u00e9s d&#8217;auriculars est\u00e8reo i la vostra fam\u00edlia o els vostres ve\u00efns no us sentiran. Dues preses d&#8217;auriculars permeten que el vostre professor, amics o familiars escoltin mentre toqueu o que vosaltres i un company de duet pugueu tocar m\u00fasica a quatre mans.[\/vc_column_text][vc_empty_space height=&#8221;4px&#8221;][vc_column_text]Les peces que enregistreu es poden reproduir a qualsevol dispositiu d&#8217;\u00e0udio i compartir-les amb amics i familiars mitjan\u00e7ant la tecnologia del n\u00favol o les xarxes socials. La gravaci\u00f3 i la reproducci\u00f3 del vostre piano \u00e9s possible tant en modes MIDI com en mode d&#8217;\u00e0udio.[\/vc_column_text][vc_empty_space height=&#8221;12px&#8221;][vc_column_text]<\/p>\r\n<blockquote><p><span style=\"color: #999966;\">Submergeix-te en el m\u00f3n sonor de B\u00f6sendorfer, sense l\u00edmits, a qualsevol hora del dia o de la nit.<\/span><\/p><\/blockquote>\r\n<p>[\/vc_column_text][\/vc_column][\/vc_row][vc_row css=&#8221;.vc_custom_1691685528943{background-color: #e8e8c3 !important;}&#8221;][vc_column css=&#8221;.vc_custom_1691685603563{padding-top: 0px !important;padding-bottom: 0px !important;}&#8221;]<div class=\"eltdf-elements-holder eltdf-responsive-mode-768 eltdf-one-column-alignment-left\" ><div class=\"eltdf-elements-holder-item eltdf-width-1-2 eltdf-vertical-alignment-middle eltdf-horizontal-alignment-left\" data-item-class=\"eltdf-elements-holder-custom-301969\" data-1280-1440=\"50px 10% 50px 33%\" data-1024-1280=\"50px 10% 50px 20%\" data-768-1024=\"50px 10%\" data-600-768=\"50px 7%\" data-480-600=\"50px 15%\" data-480=\"50px 10%\" >\n        <div class=\"eltdf-elements-holder-item-inner\">\n        <div class=\"eltdf-elements-holder-item-content eltdf-elements-holder-custom-301969\" style=\"padding: 50px 10% 50px 33%\">\n            <div class=\"eltdf-elements-holder-item-content-inner\">\n                [vc_empty_space]<div class=\"eltdf-section-title-holder\" style=\"text-align: left\">\n\t\t\t<h2 class=\"eltdf-st-title\" >\n\t\t\t<span>Una experi\u00e8ncia sonora ac\u00fastica i digital. Simbiosi entre dos mons.<\/span>\n\t\t<\/h2>\n\t\t<\/div>[vc_empty_space height=&#8221;12px&#8221;][vc_column_text]El mode silenci\u00f3s s&#8217;activa f\u00e0cilment prement nom\u00e9s un bot\u00f3 en el piano de cua o prement el pedal central d&#8217;un vertical. El sistema de sensor d&#8217;escala de grisos de fibra \u00f2ptica d&#8217;\u00faltima generaci\u00f3 captura tots els moviments de la vostra interpretaci\u00f3 i envia aquesta informaci\u00f3 al m\u00f2dul de so digital.[\/vc_column_text][vc_empty_space height=&#8221;4px&#8221;][vc_column_text]Escolteu la qualitat de so \u00fanica d&#8217;un B\u00f6sendorfer Imperial o, opcionalment, d&#8217;un Yamaha CFX mitjan\u00e7ant auriculars est\u00e8reo. Amb la funci\u00f3 d&#8217;entrada\/sortida d&#8217;\u00e0udio MIDI, tamb\u00e9 podeu afegir diferents sons de piano.[\/vc_column_text][vc_empty_space height=&#8221;4px&#8221;][vc_column_text]La gravaci\u00f3 i la reproducci\u00f3 del vostre piano \u00e9s possible tant en modes MIDI com en mode d&#8217;\u00e0udio. Les vostres gravacions o composicions MIDI es poden editar amb un programari de seq\u00fcenciaci\u00f3 est\u00e0ndard. Les gravacions mitjan\u00e7ant \u00e0udio o USB es poden reproduir en qualsevol dispositiu d&#8217;\u00e0udio, inclosos tel\u00e8fons intel\u00b7ligents, tauletes, ordinadors, equips d&#8217;alta fidelitat o reproductors de MP3, i es poden compartir amb amics i familiars mitjan\u00e7ant la tecnologia del n\u00favol o les xarxes socials.[\/vc_column_text][vc_empty_space height=&#8221;50px&#8221;]            <\/div>\n        <\/div>\n    <\/div>\n    <\/div><div class=\"eltdf-elements-holder-item eltdf-width-1-2 eltdf-vertical-alignment-middle eltdf-horizontal-alignment-left\" data-item-class=\"eltdf-elements-holder-custom-167113\" style=\"background-image: url(https:\/\/www.corralespianos.com\/ca\/wp-content\/uploads\/sites\/4\/2024\/07\/bosendorfer_silent.jpg)\">\n        <div class=\"eltdf-elements-holder-item-inner\">\n        <div class=\"eltdf-elements-holder-item-content eltdf-elements-holder-custom-167113\" >\n            <div class=\"eltdf-elements-holder-item-content-inner\">\n                            <\/div>\n        <\/div>\n    <\/div>\n    <\/div><\/div>[\/vc_column][\/vc_row][vc_row css=&#8221;.vc_custom_1722161130029{background-color: #f7f5f5 !important;}&#8221;][vc_column css=&#8221;.vc_custom_1691685603563{padding-top: 0px !important;padding-bottom: 0px !important;}&#8221;]<div class=\"eltdf-elements-holder eltdf-responsive-mode-768 eltdf-one-column-alignment-left\" ><div class=\"eltdf-elements-holder-item eltdf-width-1-2 eltdf-vertical-alignment-middle eltdf-horizontal-alignment-left\" data-item-class=\"eltdf-elements-holder-custom-294617\" style=\"background-image: url(https:\/\/www.corralespianos.com\/ca\/wp-content\/uploads\/sites\/4\/2024\/07\/bosendorfer_disklavier_3.jpg)\">\n        <div class=\"eltdf-elements-holder-item-inner\">\n        <div class=\"eltdf-elements-holder-item-content eltdf-elements-holder-custom-294617\" >\n            <div class=\"eltdf-elements-holder-item-content-inner\">\n                            <\/div>\n        <\/div>\n    <\/div>\n    <\/div><div class=\"eltdf-elements-holder-item eltdf-width-1-2 eltdf-vertical-alignment-middle eltdf-horizontal-alignment-left\" data-item-class=\"eltdf-elements-holder-custom-913394\" data-1280-1440=\"50px 33% 50px 10%\" data-1024-1280=\"50px 20% 50px 10%\" data-768-1024=\"50px 10%\" data-600-768=\"50px 7%\" data-480-600=\"50px 15%\" data-480=\"50px 10%\" >\n        <div class=\"eltdf-elements-holder-item-inner\">\n        <div class=\"eltdf-elements-holder-item-content eltdf-elements-holder-custom-913394\" style=\"padding: 50px 33% 50px 10%\">\n            <div class=\"eltdf-elements-holder-item-content-inner\">\n                [vc_empty_space]<div class=\"eltdf-section-title-holder\" style=\"text-align: left\">\n\t\t\t<h2 class=\"eltdf-st-title\" >\n\t\t\t<span>Caracter\u00edstiques<\/span>\n\t\t<\/h2>\n\t\t<\/div>[vc_empty_space height=&#8221;12px&#8221;][vc_column_text]Disponible en els models 120, 130, 170VC, 185VC, 200 i 214VC.[\/vc_column_text][vc_empty_space height=&#8221;24px&#8221;]<div class=\"eltdf-iwt clearfix eltdf-iwt-icon-left eltdf-iwt-icon-tiny\">\n    <div class=\"eltdf-iwt-icon\">\n                                        <span class=\"eltdf-icon-shortcode eltdf-normal eltdf-icon-tiny\"  data-color=\"#999966\">\n                    <i class=\"eltdf-icon-font-awesome fa fa-check eltdf-icon-element\" style=\"color: #999966\" ><\/i>            <\/span>\n                        <\/div>\n    <div class=\"eltdf-iwt-content\" >\n\t    \t        <h5 class=\"eltdf-iwt-title\" >\n\t\t\t    \t               Mecanisme Quick EscapeTM \u00fanic en el seu tipus\t\t\t                <\/h5>\n\t    \t\t    <\/div>\n<\/div>[vc_empty_space height=&#8221;4px&#8221;]<div class=\"eltdf-iwt clearfix eltdf-iwt-icon-left eltdf-iwt-icon-tiny\">\n    <div class=\"eltdf-iwt-icon\">\n                                        <span class=\"eltdf-icon-shortcode eltdf-normal eltdf-icon-tiny\"  data-color=\"#999966\">\n                    <i class=\"eltdf-icon-font-awesome fa fa-check eltdf-icon-element\" style=\"color: #999966\" ><\/i>            <\/span>\n                        <\/div>\n    <div class=\"eltdf-iwt-content\" >\n\t    \t        <h5 class=\"eltdf-iwt-title\" >\n\t\t\t    \t               20 sons dual-3 diferents\t\t\t                <\/h5>\n\t    \t\t    <\/div>\n<\/div>[vc_empty_space height=&#8221;4px&#8221;]<div class=\"eltdf-iwt clearfix eltdf-iwt-icon-left eltdf-iwt-icon-tiny\">\n    <div class=\"eltdf-iwt-icon\">\n                                        <span class=\"eltdf-icon-shortcode eltdf-normal eltdf-icon-tiny\"  data-color=\"#999966\">\n                    <i class=\"eltdf-icon-font-awesome fa fa-check eltdf-icon-element\" style=\"color: #999966\" ><\/i>            <\/span>\n                        <\/div>\n    <div class=\"eltdf-iwt-content\" >\n\t    \t        <h5 class=\"eltdf-iwt-title\" >\n\t\t\t    \t               Polifonia de 256 veus\t\t\t                <\/h5>\n\t    \t\t    <\/div>\n<\/div>[vc_empty_space height=&#8221;4px&#8221;]<div class=\"eltdf-iwt clearfix eltdf-iwt-icon-left eltdf-iwt-icon-tiny\">\n    <div class=\"eltdf-iwt-icon\">\n                                        <span class=\"eltdf-icon-shortcode eltdf-normal eltdf-icon-tiny\"  data-color=\"#999966\">\n                    <i class=\"eltdf-icon-font-awesome fa fa-check eltdf-icon-element\" style=\"color: #999966\" ><\/i>            <\/span>\n                        <\/div>\n    <div class=\"eltdf-iwt-content\" >\n\t    \t        <h5 class=\"eltdf-iwt-title\" >\n\t\t\t    \t               Reproducci\u00f3 de moltes notes alhora sense afectar la qualitat del so\t\t\t                <\/h5>\n\t    \t\t    <\/div>\n<\/div>[vc_empty_space height=&#8221;4px&#8221;]<div class=\"eltdf-iwt clearfix eltdf-iwt-icon-left eltdf-iwt-icon-tiny\">\n    <div class=\"eltdf-iwt-icon\">\n                                        <span class=\"eltdf-icon-shortcode eltdf-normal eltdf-icon-tiny\"  data-color=\"#999966\">\n                    <i class=\"eltdf-icon-font-awesome fa fa-check eltdf-icon-element\" style=\"color: #999966\" ><\/i>            <\/span>\n                        <\/div>\n    <div class=\"eltdf-iwt-content\" >\n\t    \t        <h5 class=\"eltdf-iwt-title\" >\n\t\t\t    \t               Piano Diary i desc\u00e0rrega de NoteStar mitjan\u00e7ant l&#039;aplicaci\u00f3\t\t\t                <\/h5>\n\t    \t\t    <\/div>\n<\/div>[vc_empty_space height=&#8221;4px&#8221;]<div class=\"eltdf-iwt clearfix eltdf-iwt-icon-left eltdf-iwt-icon-tiny\">\n    <div class=\"eltdf-iwt-icon\">\n                                        <span class=\"eltdf-icon-shortcode eltdf-normal eltdf-icon-tiny\"  data-color=\"#999966\">\n                    <i class=\"eltdf-icon-font-awesome fa fa-check eltdf-icon-element\" style=\"color: #999966\" ><\/i>            <\/span>\n                        <\/div>\n    <div class=\"eltdf-iwt-content\" >\n\t    \t        <h5 class=\"eltdf-iwt-title\" >\n\t\t\t    \t               2 preses d&#039;auriculars\t\t\t                <\/h5>\n\t    \t\t    <\/div>\n<\/div>[vc_empty_space height=&#8221;4px&#8221;]<div class=\"eltdf-iwt clearfix eltdf-iwt-icon-left eltdf-iwt-icon-tiny\">\n    <div class=\"eltdf-iwt-icon\">\n                                        <span class=\"eltdf-icon-shortcode eltdf-normal eltdf-icon-tiny\"  data-color=\"#999966\">\n                    <i class=\"eltdf-icon-font-awesome fa fa-check eltdf-icon-element\" style=\"color: #999966\" ><\/i>            <\/span>\n                        <\/div>\n    <div class=\"eltdf-iwt-content\" >\n\t    \t        <h5 class=\"eltdf-iwt-title\" >\n\t\t\t    \t               Metr\u00f2nom\t\t\t                <\/h5>\n\t    \t\t    <\/div>\n<\/div>[vc_empty_space height=&#8221;50px&#8221;]            <\/div>\n        <\/div>\n    <\/div>\n    <\/div><\/div>[\/vc_column][\/vc_row][vc_row row_type=&#8221;parallax&#8221; full_screen_section_height=&#8221;no&#8221; css=&#8221;.vc_custom_1722161456087{margin-top: 132px !important;padding-top: 0px !important;padding-bottom: 0px !important;}&#8221; parallax_background_image=&#8221;9033&#8243; el_class=&#8221;eltdf-parallax-holder-cover&#8221; parallax_section_height=&#8221;400&#8243;][vc_column][vc_widget_sidebar sidebar_id=&#8221;banner-corrales-4-generaciones&#8221;][\/vc_column][\/vc_row]<\/p>\r\n","protected":false},"excerpt":{"rendered":"[vc_row row_content_width=&#8221;grid&#8221; css=&#8221;.vc_custom_1693262950619{padding-top: 76px !important;padding-bottom: 76px !important;}&#8221;][vc_column][vc_empty_space height=&#8221;12px&#8221;][vc_column_text]El B\u00f6sendorfer Silent Edition \u00e9s la simbiosi intransigent de dos mons: el so \u00fanic B\u00f6sendorfer combinat amb el revolucionari Yamaha Silent, que no canvia ni les propietats mec\u00e0niques ni ac\u00fastiques del vostre instrument.[\/vc_column_text][vc_empty_space height=&#8221;4px&#8221;][vc_column_text]La sofisticada tecnologia de sensors [&hellip;]","protected":false},"author":1,"featured_media":0,"parent":0,"menu_order":0,"comment_status":"closed","ping_status":"closed","template":"full-width-narrow-header.php","meta":{"footnotes":""},"class_list":["post-9786","page","type-page","status-publish","hentry"],"aioseo_notices":[],"_links":{"self":[{"href":"https:\/\/www.corralespianos.com\/ca\/wp-json\/wp\/v2\/pages\/9786"}],"collection":[{"href":"https:\/\/www.corralespianos.com\/ca\/wp-json\/wp\/v2\/pages"}],"about":[{"href":"https:\/\/www.corralespianos.com\/ca\/wp-json\/wp\/v2\/types\/page"}],"author":[{"embeddable":true,"href":"https:\/\/www.corralespianos.com\/ca\/wp-json\/wp\/v2\/users\/1"}],"replies":[{"embeddable":true,"href":"https:\/\/www.corralespianos.com\/ca\/wp-json\/wp\/v2\/comments?post=9786"}],"version-history":[{"count":1,"href":"https:\/\/www.corralespianos.com\/ca\/wp-json\/wp\/v2\/pages\/9786\/revisions"}],"predecessor-version":[{"id":9787,"href":"https:\/\/www.corralespianos.com\/ca\/wp-json\/wp\/v2\/pages\/9786\/revisions\/9787"}],"wp:attachment":[{"href":"https:\/\/www.corralespianos.com\/ca\/wp-json\/wp\/v2\/media?parent=9786"}],"curies":[{"name":"wp","href":"https:\/\/api.w.org\/{rel}","templated":true}]}}